{"id":7749,"date":"2025-04-30T09:21:38","date_gmt":"2025-04-30T09:21:38","guid":{"rendered":"https:\/\/www.esmadrid.com\/mcb\/?page_id=7749"},"modified":"2025-05-08T16:27:04","modified_gmt":"2025-05-08T16:27:04","slug":"bestcities-global-alliance","status":"publish","type":"page","link":"https:\/\/www.esmadrid.com\/mcb\/bestcities-global-alliance\/","title":{"rendered":"BestCities Global Alliance"},"content":{"rendered":"  \n<section class=\"bloque-banner-pagina container\">\n  <div class=\" row justify-content-center\">              \n      <div class=\"col-12 col-lg-6\"  >        \n        <img decoding=\"async\" class=\"col-12 basic-img-big\" src=\"https:\/\/www.esmadrid.com\/mcb\/wp-content\/uploads\/2025\/04\/Caja-Magica-Mutua-Madrid-Tennis-Open-1024x675.jpg\" alt=\"\">\n      <\/div>\n      <div class=\"col-12 col-lg-4 bl-content animation fadeTop\">        \n        <div class=\"acf-innerblocks-container\">\n\n<h2 class=\"wp-block-heading\">BestCities Global Alliance es una red internacional de 13 destinos l\u00edderes comprometidos con la excelencia en la organizaci\u00f3n de eventos y congresos internacionales.<\/h2>\n\n\n\n<p><\/p>\n\n<\/div>\n       \n      <\/div>\n  <\/div>\n<\/section>\n\n\n\n    <section class=\"container bloque-txt-titulo \" >\n    <div class=\"row\"> \n        <div class=\"col-12 col-md-6 col-lg-4  mb-3 md-md-0 animation fadeRight\">\n            <h3 class=\"bl-titulo  \">BESTCITIES MADRID<br>&nbsp;<\/h3>\n        <\/div>\n        <div class=\"col-12 col-md-6 col-lg-8 bl-texto\">\n            <p>Madrid forma parte de esta alianza desde 2017, consolidando su posici\u00f3n como destino de referencia en el turismo de reuniones a nivel global. Fundada en 2000, BestCities re\u00fane a ciudades que comparten altos est\u00e1ndares de calidad, sostenibilidad y legado, trabajando de forma colaborativa para generar un impacto positivo duradero a trav\u00e9s de los eventos.<\/p>\n<p>Las ciudades miembro \u2014Berl\u00edn, Ciudad del Cabo, Copenhague, Dub\u00e1i, Dubl\u00edn, Guadalajara, Houston, Madrid, Melbourne, Singapur, Tokio, Vancouver y Washington D.C.\u2014 colaboran estrechamente para compartir conocimiento, buenas pr\u00e1cticas y oportunidades de negocio. Esta cooperaci\u00f3n permite a cada destino mejorar su competitividad, innovar en la captaci\u00f3n de eventos y maximizar el impacto econ\u00f3mico, social y medioambiental de los congresos que acoge.<\/p>\n<p>Formar parte de BestCities permite a Madrid posicionarse en el escenario internacional como un destino de confianza, comprometido con la calidad y el legado de los eventos. Adem\u00e1s, la alianza facilita el acceso a asociaciones globales, impulsa el desarrollo profesional de los equipos de las oficinas de congresos y fomenta iniciativas conjuntas centradas en la sostenibilidad y la inclusi\u00f3n.<\/p>\n<p>BestCities no solo promueve destinos; promueve un cambio positivo a trav\u00e9s de las reuniones. Una comunidad global con una visi\u00f3n compartida: hacer que los eventos internacionales dejen una huella significativa y transformadora en las ciudades y sus comunidades.<\/p>\n \n            <div class=\"acf-innerblocks-container\">\n<div class=\"wp-block-image\">\n<figure class=\"alignleft size-full is-resized\"><a href=\"https:\/\/www.bestcities.net\/\" target=\"_blank\" rel=\" noreferrer noopener\"><img loading=\"lazy\" decoding=\"async\" width=\"500\" height=\"222\" src=\"https:\/\/www.esmadrid.com\/mcb\/wp-content\/uploads\/2025\/04\/BC-Global-Alliance-no-strap.png\" alt=\"\" class=\"wp-image-7759\" style=\"width:250px\"\/><\/a><\/figure>\n<\/div>\n<\/div>\n        <\/div>\n    <\/div>\n<\/section>\n\n\n\n    <section class=\"container bloque-txt-titulo \" >\n    <div class=\"row\"> \n        <div class=\"col-12 col-md-6 col-lg-4  mb-3 md-md-0 animation fadeRight\">\n            <h3 class=\"bl-titulo  \">Madrid Challenge<\/h3>\n        <\/div>\n        <div class=\"col-12 col-md-6 col-lg-8 bl-texto\">\n             \n            <div class=\"acf-innerblocks-container\">\n\n<ul class=\"wp-block-list\">\n<li>Madrid Challenge es una carta de compromisos con el impacto positivo, impulsada por MCB en el marco de la celebraci\u00f3n del Global Forum 2021, organizado por la Alianza de Ciudades BestCities.<\/li>\n\n\n\n<li>The <a href=\"https:\/\/www.bestcities.net\/about-us\/impact-of-business-events\/the-bestcities-madrid-challenge\/\" target=\"_blank\" rel=\"noreferrer noopener\">BestCities Madrid Challenge<\/a> es un movimiento de destinos y asociaciones que reconocen la importancia de cambiar la industria de reuniones y eventos hacia un modelo m\u00e1s sostenible. Colectivamente, estas organizaciones se han comprometido a colaborar, compartir conocimientos y abogar por ofrecer un valor m\u00e1s all\u00e1 del turismo a trav\u00e9s de sus eventos. En \u00faltima instancia, The BestCities Madrid Challenge tiene como objetivo elevar los est\u00e1ndares de la industria al promover el impacto y la sostenibilidad como elementos clave de las estrategias organizativas y de eventos.<\/li>\n\n\n\n<li>Promueve el trabajo en favor del desarrollo y la introducci\u00f3n del legado en los procesos de candidaturas a congresos por parte de los organizadores y la identificaci\u00f3n de los agentes locales con los que llevar a cabo las acciones de legado, por parte de los convention bureaux.<\/li>\n<\/ul>\n\n<\/div>\n        <\/div>\n    <\/div>\n<\/section>\n","protected":false},"excerpt":{"rendered":"","protected":false},"author":1,"featured_media":0,"parent":0,"menu_order":0,"comment_status":"closed","ping_status":"closed","template":"page-full.php","meta":{"_acf_changed":false,"footnotes":""},"class_list":["post-7749","page","type-page","status-publish","hentry"],"acf":[],"yoast_head":"<!-- This site is optimized with the Yoast SEO plugin v27.3 - https:\/\/yoast.com\/product\/yoast-seo-wordpress\/ -->\n<title>BestCities Global Alliance - Madrid Convention Bureau<\/title>\n<meta name=\"robots\" content=\"index, follow, max-snippet:-1, max-image-preview:large, max-video-preview:-1\" \/>\n<link rel=\"canonical\" href=\"https:\/\/www.esmadrid.com\/mcb\/bestcities-global-alliance\/\" \/>\n<meta property=\"og:locale\" content=\"es_ES\" \/>\n<meta property=\"og:type\" content=\"article\" \/>\n<meta property=\"og:title\" content=\"BestCities Global Alliance - Madrid Convention Bureau\" \/>\n<meta property=\"og:url\" content=\"https:\/\/www.esmadrid.com\/mcb\/bestcities-global-alliance\/\" \/>\n<meta property=\"og:site_name\" content=\"Madrid Convention Bureau\" \/>\n<meta property=\"article:modified_time\" content=\"2025-05-08T16:27:04+00:00\" \/>\n<meta property=\"og:image\" content=\"https:\/\/www.esmadrid.com\/mcb\/wp-content\/uploads\/2025\/04\/BC-Global-Alliance-no-strap.png\" \/>\n<meta name=\"twitter:card\" content=\"summary_large_image\" \/>\n<meta name=\"twitter:label1\" content=\"Tiempo de lectura\" \/>\n\t<meta name=\"twitter:data1\" content=\"2 minutos\" \/>\n<script type=\"application\/ld+json\" class=\"yoast-schema-graph\">{\"@context\":\"https:\\\/\\\/schema.org\",\"@graph\":[{\"@type\":\"WebPage\",\"@id\":\"https:\\\/\\\/www.esmadrid.com\\\/mcb\\\/bestcities-global-alliance\\\/\",\"url\":\"https:\\\/\\\/www.esmadrid.com\\\/mcb\\\/bestcities-global-alliance\\\/\",\"name\":\"BestCities Global Alliance - Madrid Convention Bureau\",\"isPartOf\":{\"@id\":\"https:\\\/\\\/www.esmadrid.com\\\/mcb\\\/#website\"},\"primaryImageOfPage\":{\"@id\":\"https:\\\/\\\/www.esmadrid.com\\\/mcb\\\/bestcities-global-alliance\\\/#primaryimage\"},\"image\":{\"@id\":\"https:\\\/\\\/www.esmadrid.com\\\/mcb\\\/bestcities-global-alliance\\\/#primaryimage\"},\"thumbnailUrl\":\"https:\\\/\\\/www.esmadrid.com\\\/mcb\\\/wp-content\\\/uploads\\\/2025\\\/04\\\/BC-Global-Alliance-no-strap.png\",\"datePublished\":\"2025-04-30T09:21:38+00:00\",\"dateModified\":\"2025-05-08T16:27:04+00:00\",\"breadcrumb\":{\"@id\":\"https:\\\/\\\/www.esmadrid.com\\\/mcb\\\/bestcities-global-alliance\\\/#breadcrumb\"},\"inLanguage\":\"es\",\"potentialAction\":[{\"@type\":\"ReadAction\",\"target\":[\"https:\\\/\\\/www.esmadrid.com\\\/mcb\\\/bestcities-global-alliance\\\/\"]}]},{\"@type\":\"ImageObject\",\"inLanguage\":\"es\",\"@id\":\"https:\\\/\\\/www.esmadrid.com\\\/mcb\\\/bestcities-global-alliance\\\/#primaryimage\",\"url\":\"https:\\\/\\\/www.esmadrid.com\\\/mcb\\\/wp-content\\\/uploads\\\/2025\\\/04\\\/BC-Global-Alliance-no-strap.png\",\"contentUrl\":\"https:\\\/\\\/www.esmadrid.com\\\/mcb\\\/wp-content\\\/uploads\\\/2025\\\/04\\\/BC-Global-Alliance-no-strap.png\",\"width\":500,\"height\":222},{\"@type\":\"BreadcrumbList\",\"@id\":\"https:\\\/\\\/www.esmadrid.com\\\/mcb\\\/bestcities-global-alliance\\\/#breadcrumb\",\"itemListElement\":[{\"@type\":\"ListItem\",\"position\":1,\"name\":\"Portada\",\"item\":\"https:\\\/\\\/www.esmadrid.com\\\/mcb\\\/\"},{\"@type\":\"ListItem\",\"position\":2,\"name\":\"BestCities Global Alliance\"}]},{\"@type\":\"WebSite\",\"@id\":\"https:\\\/\\\/www.esmadrid.com\\\/mcb\\\/#website\",\"url\":\"https:\\\/\\\/www.esmadrid.com\\\/mcb\\\/\",\"name\":\"Madrid Convention Bureau\",\"description\":\"Madrid Convention Bureau cuenta con un Equipo de profesionales que le asesorar\u00e1 sobre los mejores espacios y proveedores de servicios del sector MICE\",\"potentialAction\":[{\"@type\":\"SearchAction\",\"target\":{\"@type\":\"EntryPoint\",\"urlTemplate\":\"https:\\\/\\\/www.esmadrid.com\\\/mcb\\\/?s={search_term_string}\"},\"query-input\":{\"@type\":\"PropertyValueSpecification\",\"valueRequired\":true,\"valueName\":\"search_term_string\"}}],\"inLanguage\":\"es\"}]}<\/script>\n<!-- \/ Yoast SEO plugin. -->","yoast_head_json":{"title":"BestCities Global Alliance - Madrid Convention Bureau","robots":{"index":"index","follow":"follow","max-snippet":"max-snippet:-1","max-image-preview":"max-image-preview:large","max-video-preview":"max-video-preview:-1"},"canonical":"https:\/\/www.esmadrid.com\/mcb\/bestcities-global-alliance\/","og_locale":"es_ES","og_type":"article","og_title":"BestCities Global Alliance - Madrid Convention Bureau","og_url":"https:\/\/www.esmadrid.com\/mcb\/bestcities-global-alliance\/","og_site_name":"Madrid Convention Bureau","article_modified_time":"2025-05-08T16:27:04+00:00","og_image":[{"url":"https:\/\/www.esmadrid.com\/mcb\/wp-content\/uploads\/2025\/04\/BC-Global-Alliance-no-strap.png","type":"","width":"","height":""}],"twitter_card":"summary_large_image","twitter_misc":{"Tiempo de lectura":"2 minutos"},"schema":{"@context":"https:\/\/schema.org","@graph":[{"@type":"WebPage","@id":"https:\/\/www.esmadrid.com\/mcb\/bestcities-global-alliance\/","url":"https:\/\/www.esmadrid.com\/mcb\/bestcities-global-alliance\/","name":"BestCities Global Alliance - Madrid Convention Bureau","isPartOf":{"@id":"https:\/\/www.esmadrid.com\/mcb\/#website"},"primaryImageOfPage":{"@id":"https:\/\/www.esmadrid.com\/mcb\/bestcities-global-alliance\/#primaryimage"},"image":{"@id":"https:\/\/www.esmadrid.com\/mcb\/bestcities-global-alliance\/#primaryimage"},"thumbnailUrl":"https:\/\/www.esmadrid.com\/mcb\/wp-content\/uploads\/2025\/04\/BC-Global-Alliance-no-strap.png","datePublished":"2025-04-30T09:21:38+00:00","dateModified":"2025-05-08T16:27:04+00:00","breadcrumb":{"@id":"https:\/\/www.esmadrid.com\/mcb\/bestcities-global-alliance\/#breadcrumb"},"inLanguage":"es","potentialAction":[{"@type":"ReadAction","target":["https:\/\/www.esmadrid.com\/mcb\/bestcities-global-alliance\/"]}]},{"@type":"ImageObject","inLanguage":"es","@id":"https:\/\/www.esmadrid.com\/mcb\/bestcities-global-alliance\/#primaryimage","url":"https:\/\/www.esmadrid.com\/mcb\/wp-content\/uploads\/2025\/04\/BC-Global-Alliance-no-strap.png","contentUrl":"https:\/\/www.esmadrid.com\/mcb\/wp-content\/uploads\/2025\/04\/BC-Global-Alliance-no-strap.png","width":500,"height":222},{"@type":"BreadcrumbList","@id":"https:\/\/www.esmadrid.com\/mcb\/bestcities-global-alliance\/#breadcrumb","itemListElement":[{"@type":"ListItem","position":1,"name":"Portada","item":"https:\/\/www.esmadrid.com\/mcb\/"},{"@type":"ListItem","position":2,"name":"BestCities Global Alliance"}]},{"@type":"WebSite","@id":"https:\/\/www.esmadrid.com\/mcb\/#website","url":"https:\/\/www.esmadrid.com\/mcb\/","name":"Madrid Convention Bureau","description":"Madrid Convention Bureau cuenta con un Equipo de profesionales que le asesorar\u00e1 sobre los mejores espacios y proveedores de servicios del sector MICE","potentialAction":[{"@type":"SearchAction","target":{"@type":"EntryPoint","urlTemplate":"https:\/\/www.esmadrid.com\/mcb\/?s={search_term_string}"},"query-input":{"@type":"PropertyValueSpecification","valueRequired":true,"valueName":"search_term_string"}}],"inLanguage":"es"}]}},"_links":{"self":[{"href":"https:\/\/www.esmadrid.com\/mcb\/wp-json\/wp\/v2\/pages\/7749","targetHints":{"allow":["GET"]}}],"collection":[{"href":"https:\/\/www.esmadrid.com\/mcb\/wp-json\/wp\/v2\/pages"}],"about":[{"href":"https:\/\/www.esmadrid.com\/mcb\/wp-json\/wp\/v2\/types\/page"}],"author":[{"embeddable":true,"href":"https:\/\/www.esmadrid.com\/mcb\/wp-json\/wp\/v2\/users\/1"}],"replies":[{"embeddable":true,"href":"https:\/\/www.esmadrid.com\/mcb\/wp-json\/wp\/v2\/comments?post=7749"}],"version-history":[{"count":12,"href":"https:\/\/www.esmadrid.com\/mcb\/wp-json\/wp\/v2\/pages\/7749\/revisions"}],"predecessor-version":[{"id":7779,"href":"https:\/\/www.esmadrid.com\/mcb\/wp-json\/wp\/v2\/pages\/7749\/revisions\/7779"}],"wp:attachment":[{"href":"https:\/\/www.esmadrid.com\/mcb\/wp-json\/wp\/v2\/media?parent=7749"}],"curies":[{"name":"wp","href":"https:\/\/api.w.org\/{rel}","templated":true}]}}