{"id":6129,"date":"2023-10-25T08:42:25","date_gmt":"2023-10-25T08:42:25","guid":{"rendered":"https:\/\/www.esmadrid.com\/mcb\/?page_id=6129"},"modified":"2024-05-15T10:29:43","modified_gmt":"2024-05-15T10:29:43","slug":"acciones-sostenibilidad","status":"publish","type":"page","link":"https:\/\/www.esmadrid.com\/mcb\/sostenibilidad-y-legado\/acciones-sostenibilidad\/","title":{"rendered":"Acciones sostenibilidad"},"content":{"rendered":"\n    <section class=\"container bloque-txt-titulo \" >\n    <div class=\"row\"> \n        <div class=\"col-12 col-md-6 col-lg-4  mb-3 md-md-0 animation fadeRight\">\n            <h3 class=\"bl-titulo  \">Un compromiso d\u00eda a d\u00eda<\/h3>\n        <\/div>\n        <div class=\"col-12 col-md-6 col-lg-8 bl-texto\">\n             \n            <div class=\"acf-innerblocks-container\">\n\n<ul class=\"wp-block-list\">\n<li><strong>En Madrid Convention Bureau apostamos por el transporte p\u00fablico, la movilidad el\u00e9ctrica y el ejercicio f\u00edsico <\/strong>para ir a nuestro centro de trabajo y evitar toneladas anuales de CO2 que contribuyen al calentamiento global. <\/li>\n\n\n\n<li><strong>Evitamos el uso indiscriminado de transfers<\/strong> en los programas de nuestras acciones y priorizamos el uso de veh\u00edculos no contaminantes y del transporte p\u00fablico. \u00a0<\/li>\n\n\n\n<li>El papel y el cart\u00f3n constituyen hasta el 90% de los residuos generados en las oficinas. En el MCB, <strong>defendemos el principio Paperless is more<\/strong> y, para ello, utilizamos de forma prioritaria informaci\u00f3n, procedimientos y documentaci\u00f3n en formato digital, tanto en nuestro puesto de trabajo como en los eventos que organizamos.<br>En el mismo sentido, evitamos las publicaciones en papel. La principal, el Manual de Reuniones, dej\u00f3 de publicarse en 2019, en pro del uso del buscador web.<\/li>\n\n\n\n<li>Nuestra oficina dispone de una <strong>isla ecol\u00f3gica donde se pueden depositar los residuos<\/strong> alimentos, papel, cart\u00f3n, pl\u00e1sticos, envases y material no reciclable, al igual que cada puesto de trabajo dispone de su propia papelera para depositar los residuos diferenciados.<\/li>\n\n\n\n<li>Los t\u00f3neres de las impresoras l\u00e1ser y los cartuchos de tinta de las impresoras convencionales se consideran residuos, son productos que no se degradan y producen gran impacto ambiental. El MCB dispone de <strong>un gestor de recogida de residuos<\/strong> autorizado y promueve el uso de productos con tintas menos agresivas para el medioambiente.<\/li>\n\n\n\n<li>La oficina de MCB dispone de <strong>fuentes de agua <\/strong>al objeto de limitar el uso de agua embotellada<\/li>\n\n\n\n<li>Las telas que se utilizan en la construcci\u00f3n de nuestros stands, de materiales reciclables, se transforman en materiales promocionales como mochilas, carteras, fundas de gafas o bolsas.<\/li>\n\n\n\n<li>En las ferias fomentamos el <strong>plastic free: <\/strong>nuestros asociados participantes reciben un pack de bienvenida que contempla, una botella de cristal para rellenar en la fuente principal del stand, y una caja de violetas, caramelo tradicional de Madrid, fomentando el producto local. La elecci\u00f3n de los productos de merchandising se realiza en base a criterios de sostenibilidad medioambiental y social, promoviendo la artesan\u00eda y la producci\u00f3n local, y el principio de utilidad en el largo plazo.<\/li>\n\n\n\n<li>Nuestros stands en las ferias son neutrales en carbono. Maximizamos el uso de materiales reciclados y reciclables y compensamos el CO2 producido en su construcci\u00f3n.\u00a0<\/li>\n\n\n\n<li>En el a\u00f1o 2010 iniciamos con nuestras primeras <strong>formaciones sobre RSC y Sostenibilidad en el Sector Turismo<\/strong>. Dichas formaciones nos permiten ofrecer un trasvase de conocimiento, la idea es concienciar a la industria de la importancia que tiene la sostenibilidad en el sector de los eventos.<\/li>\n<\/ul>\n\n\n\n<p><strong>En MCB animamos a que nuestras empresas asociadas y colaboradores sigan tambi\u00e9n pautas en este sentido:<\/strong><\/p>\n\n\n\n<ul class=\"wp-block-list\">\n<li>Intentamos que en las contrataciones con nuestros proveedores prime la condici\u00f3n de <strong>0 waste y el pl\u00e1stico de un solo uso<\/strong>.<\/li>\n\n\n\n<li>Promovemos la contrataci\u00f3n de <strong>caterings que respeten el medio ambiente y que puedan ceder el excedente de comida<\/strong> a empresas dedicadas para su recogida, comedores sociales\u2026etc<\/li>\n\n\n\n<li>Ofrecemos a todos los organizadores interesados en el destino la posibilidad de dejar un <strong>\u201clegado en la ciudad\u201d<\/strong> desde la parte social y ambiental.<\/li>\n<\/ul>\n\n<\/div>\n        <\/div>\n    <\/div>\n<\/section>\n","protected":false},"excerpt":{"rendered":"","protected":false},"author":1,"featured_media":0,"parent":6136,"menu_order":0,"comment_status":"closed","ping_status":"closed","template":"page-full.php","meta":{"_acf_changed":false,"footnotes":""},"class_list":["post-6129","page","type-page","status-publish","hentry"],"acf":[],"yoast_head":"<!-- This site is optimized with the Yoast SEO plugin v27.3 - https:\/\/yoast.com\/product\/yoast-seo-wordpress\/ -->\n<title>Acciones sostenibilidad - Madrid Convention Bureau<\/title>\n<meta name=\"robots\" content=\"index, follow, max-snippet:-1, max-image-preview:large, max-video-preview:-1\" \/>\n<link rel=\"canonical\" href=\"https:\/\/www.esmadrid.com\/mcb\/sostenibilidad-y-legado\/acciones-sostenibilidad\/\" \/>\n<meta property=\"og:locale\" content=\"es_ES\" \/>\n<meta property=\"og:type\" content=\"article\" \/>\n<meta property=\"og:title\" content=\"Acciones sostenibilidad - Madrid Convention Bureau\" \/>\n<meta property=\"og:url\" content=\"https:\/\/www.esmadrid.com\/mcb\/sostenibilidad-y-legado\/acciones-sostenibilidad\/\" \/>\n<meta property=\"og:site_name\" content=\"Madrid Convention Bureau\" \/>\n<meta property=\"article:modified_time\" content=\"2024-05-15T10:29:43+00:00\" \/>\n<meta name=\"twitter:card\" content=\"summary_large_image\" \/>\n<meta name=\"twitter:label1\" content=\"Tiempo de lectura\" \/>\n\t<meta name=\"twitter:data1\" content=\"3 minutos\" \/>\n<script type=\"application\/ld+json\" class=\"yoast-schema-graph\">{\"@context\":\"https:\\\/\\\/schema.org\",\"@graph\":[{\"@type\":\"WebPage\",\"@id\":\"https:\\\/\\\/www.esmadrid.com\\\/mcb\\\/sostenibilidad-y-legado\\\/acciones-sostenibilidad\\\/\",\"url\":\"https:\\\/\\\/www.esmadrid.com\\\/mcb\\\/sostenibilidad-y-legado\\\/acciones-sostenibilidad\\\/\",\"name\":\"Acciones sostenibilidad - Madrid Convention Bureau\",\"isPartOf\":{\"@id\":\"https:\\\/\\\/www.esmadrid.com\\\/mcb\\\/#website\"},\"datePublished\":\"2023-10-25T08:42:25+00:00\",\"dateModified\":\"2024-05-15T10:29:43+00:00\",\"breadcrumb\":{\"@id\":\"https:\\\/\\\/www.esmadrid.com\\\/mcb\\\/sostenibilidad-y-legado\\\/acciones-sostenibilidad\\\/#breadcrumb\"},\"inLanguage\":\"es\",\"potentialAction\":[{\"@type\":\"ReadAction\",\"target\":[\"https:\\\/\\\/www.esmadrid.com\\\/mcb\\\/sostenibilidad-y-legado\\\/acciones-sostenibilidad\\\/\"]}]},{\"@type\":\"BreadcrumbList\",\"@id\":\"https:\\\/\\\/www.esmadrid.com\\\/mcb\\\/sostenibilidad-y-legado\\\/acciones-sostenibilidad\\\/#breadcrumb\",\"itemListElement\":[{\"@type\":\"ListItem\",\"position\":1,\"name\":\"Portada\",\"item\":\"https:\\\/\\\/www.esmadrid.com\\\/mcb\\\/\"},{\"@type\":\"ListItem\",\"position\":2,\"name\":\"Sostenibilidad y legado\",\"item\":\"https:\\\/\\\/www.esmadrid.com\\\/mcb\\\/sostenibilidad-y-legado\\\/\"},{\"@type\":\"ListItem\",\"position\":3,\"name\":\"Acciones sostenibilidad\"}]},{\"@type\":\"WebSite\",\"@id\":\"https:\\\/\\\/www.esmadrid.com\\\/mcb\\\/#website\",\"url\":\"https:\\\/\\\/www.esmadrid.com\\\/mcb\\\/\",\"name\":\"Madrid Convention Bureau\",\"description\":\"Madrid Convention Bureau cuenta con un Equipo de profesionales que le asesorar\u00e1 sobre los mejores espacios y proveedores de servicios del sector MICE\",\"potentialAction\":[{\"@type\":\"SearchAction\",\"target\":{\"@type\":\"EntryPoint\",\"urlTemplate\":\"https:\\\/\\\/www.esmadrid.com\\\/mcb\\\/?s={search_term_string}\"},\"query-input\":{\"@type\":\"PropertyValueSpecification\",\"valueRequired\":true,\"valueName\":\"search_term_string\"}}],\"inLanguage\":\"es\"}]}<\/script>\n<!-- \/ Yoast SEO plugin. -->","yoast_head_json":{"title":"Acciones sostenibilidad - Madrid Convention Bureau","robots":{"index":"index","follow":"follow","max-snippet":"max-snippet:-1","max-image-preview":"max-image-preview:large","max-video-preview":"max-video-preview:-1"},"canonical":"https:\/\/www.esmadrid.com\/mcb\/sostenibilidad-y-legado\/acciones-sostenibilidad\/","og_locale":"es_ES","og_type":"article","og_title":"Acciones sostenibilidad - Madrid Convention Bureau","og_url":"https:\/\/www.esmadrid.com\/mcb\/sostenibilidad-y-legado\/acciones-sostenibilidad\/","og_site_name":"Madrid Convention Bureau","article_modified_time":"2024-05-15T10:29:43+00:00","twitter_card":"summary_large_image","twitter_misc":{"Tiempo de lectura":"3 minutos"},"schema":{"@context":"https:\/\/schema.org","@graph":[{"@type":"WebPage","@id":"https:\/\/www.esmadrid.com\/mcb\/sostenibilidad-y-legado\/acciones-sostenibilidad\/","url":"https:\/\/www.esmadrid.com\/mcb\/sostenibilidad-y-legado\/acciones-sostenibilidad\/","name":"Acciones sostenibilidad - Madrid Convention Bureau","isPartOf":{"@id":"https:\/\/www.esmadrid.com\/mcb\/#website"},"datePublished":"2023-10-25T08:42:25+00:00","dateModified":"2024-05-15T10:29:43+00:00","breadcrumb":{"@id":"https:\/\/www.esmadrid.com\/mcb\/sostenibilidad-y-legado\/acciones-sostenibilidad\/#breadcrumb"},"inLanguage":"es","potentialAction":[{"@type":"ReadAction","target":["https:\/\/www.esmadrid.com\/mcb\/sostenibilidad-y-legado\/acciones-sostenibilidad\/"]}]},{"@type":"BreadcrumbList","@id":"https:\/\/www.esmadrid.com\/mcb\/sostenibilidad-y-legado\/acciones-sostenibilidad\/#breadcrumb","itemListElement":[{"@type":"ListItem","position":1,"name":"Portada","item":"https:\/\/www.esmadrid.com\/mcb\/"},{"@type":"ListItem","position":2,"name":"Sostenibilidad y legado","item":"https:\/\/www.esmadrid.com\/mcb\/sostenibilidad-y-legado\/"},{"@type":"ListItem","position":3,"name":"Acciones sostenibilidad"}]},{"@type":"WebSite","@id":"https:\/\/www.esmadrid.com\/mcb\/#website","url":"https:\/\/www.esmadrid.com\/mcb\/","name":"Madrid Convention Bureau","description":"Madrid Convention Bureau cuenta con un Equipo de profesionales que le asesorar\u00e1 sobre los mejores espacios y proveedores de servicios del sector MICE","potentialAction":[{"@type":"SearchAction","target":{"@type":"EntryPoint","urlTemplate":"https:\/\/www.esmadrid.com\/mcb\/?s={search_term_string}"},"query-input":{"@type":"PropertyValueSpecification","valueRequired":true,"valueName":"search_term_string"}}],"inLanguage":"es"}]}},"_links":{"self":[{"href":"https:\/\/www.esmadrid.com\/mcb\/wp-json\/wp\/v2\/pages\/6129","targetHints":{"allow":["GET"]}}],"collection":[{"href":"https:\/\/www.esmadrid.com\/mcb\/wp-json\/wp\/v2\/pages"}],"about":[{"href":"https:\/\/www.esmadrid.com\/mcb\/wp-json\/wp\/v2\/types\/page"}],"author":[{"embeddable":true,"href":"https:\/\/www.esmadrid.com\/mcb\/wp-json\/wp\/v2\/users\/1"}],"replies":[{"embeddable":true,"href":"https:\/\/www.esmadrid.com\/mcb\/wp-json\/wp\/v2\/comments?post=6129"}],"version-history":[{"count":11,"href":"https:\/\/www.esmadrid.com\/mcb\/wp-json\/wp\/v2\/pages\/6129\/revisions"}],"predecessor-version":[{"id":6431,"href":"https:\/\/www.esmadrid.com\/mcb\/wp-json\/wp\/v2\/pages\/6129\/revisions\/6431"}],"up":[{"embeddable":true,"href":"https:\/\/www.esmadrid.com\/mcb\/wp-json\/wp\/v2\/pages\/6136"}],"wp:attachment":[{"href":"https:\/\/www.esmadrid.com\/mcb\/wp-json\/wp\/v2\/media?parent=6129"}],"curies":[{"name":"wp","href":"https:\/\/api.w.org\/{rel}","templated":true}]}}