{"id":5801,"date":"2023-09-29T10:33:07","date_gmt":"2023-09-29T10:33:07","guid":{"rendered":"https:\/\/www.esmadrid.com\/mcb\/?page_id=5801"},"modified":"2024-06-13T12:13:27","modified_gmt":"2024-06-13T12:13:27","slug":"que-es-el-mcb","status":"publish","type":"page","link":"https:\/\/www.esmadrid.com\/mcb\/que-es-el-mcb\/","title":{"rendered":"Qu\u00e9 es el MCB"},"content":{"rendered":"  \n<section class=\"bloque-banner-pagina container\">\n  <div class=\" row justify-content-center\">              \n      <div class=\"col-12 col-lg-6\"  >        \n        <img decoding=\"async\" class=\"col-12 basic-img-big\" src=\"https:\/\/www.esmadrid.com\/mcb\/wp-content\/uploads\/2019\/12\/Puerta-de-alcala-1024x528.jpg\" alt=\"\">\n      <\/div>\n      <div class=\"col-12 col-lg-4 bl-content animation fadeTop\">        \n        <div class=\"acf-innerblocks-container\">\n\n<h2 class=\"wp-block-heading\">Madrid Convention Bureau es el departamento especializado de la empresa Madrid Destino cuyos objetivos principales son la promoci\u00f3n de Madrid como destino id\u00f3neo para la celebraci\u00f3n de todo tipo de reuniones, desde congresos y convenciones hasta viajes de incentivo y la captaci\u00f3n activa de cualquiera de estas reuniones.<\/h2>\n\n<\/div>\n       \n      <\/div>\n  <\/div>\n<\/section>\n\n\n\n    <section class=\"container bloque-txt-titulo \" >\n    <div class=\"row\"> \n        <div class=\"col-12 col-md-6 col-lg-4  mb-3 md-md-0 animation fadeRight\">\n            <h3 class=\"bl-titulo  \">QU\u00c9 SERVICIOS OFRECEMOS<\/h3>\n        <\/div>\n        <div class=\"col-12 col-md-6 col-lg-8 bl-texto\">\n            <p>Adem\u00e1s de esto, Madrid Convention Bureau es el interlocutor \u00fanico entre las empresas y los organismos vinculados a la industria de reuniones de Madrid y cualquier empresa u organismo interesado en organizar una reuni\u00f3n en la ciudad.<\/p>\n<p>Madrid Convention Bureau se pone al servicio de organizadores de eventos, reuniones o viajes de incentivos para garantizar el perfecto desarrollo de cualquier acto en la ciudad y para promover la capital de Espa\u00f1a como ciudad de encuentros.<\/p>\n<p>Asesoramiento en la identificaci\u00f3n de empresas locales asociadas para actividades y necesidades durante la organizaci\u00f3n y celebraci\u00f3n de la reuni\u00f3n o evento.<\/p>\n \n            <div class=\"acf-innerblocks-container\"><\/div>\n        <\/div>\n    <\/div>\n<\/section>\n\n\n\n<section class=\"bloque-personalizado bloque-cajas-numeradas \" >\n    <div class=\"container \"> \n        <div class=\"row \">\n          <div  class=\"swiper mySwiperCN\">\n                <div class=\"swiper-wrapper\" >\n                                            \n                        <div class=\"swiper-slide bl-caja\">                          \n                             <span class=\"ico-circular animation scalexTop delay-1\">1<\/span>\n                             <h3>Asistencia en la busqueda de sedes<\/h3>\n                             <p><p>o espacios en Madrid m\u00e1s adecuados para el correcto desarrollo del programa.<\/p>\n<\/p>\n                            \n                           \n                           \n                        <\/div>        \n                        \n                                            \n                        <div class=\"swiper-slide bl-caja\">                          \n                             <span class=\"ico-circular animation scalexTop delay-2\">2<\/span>\n                             <h3>Planificaci\u00f3n de las citas de inspecci\u00f3n<\/h3>\n                             <p><p>y encuentros durante el proceso de selecci\u00f3n de la candidatura.<\/p>\n<\/p>\n                            \n                           \n                           \n                        <\/div>        \n                        \n                                            \n                        <div class=\"swiper-slide bl-caja\">                          \n                             <span class=\"ico-circular animation scalexTop delay-3\">3<\/span>\n                             <h3>Coordinaci\u00f3n de alojamiento<\/h3>\n                             <p><\/p>\n                            \n                           \n                           \n                        <\/div>        \n                        \n                                            \n                        <div class=\"swiper-slide bl-caja\">                          \n                             <span class=\"ico-circular animation scalexTop delay-4\">4<\/span>\n                             <h3>Aportaci\u00f3n del material promocional<\/h3>\n                             <p><p>y entrega de documentaci\u00f3n tur\u00edstica sobre Madrid a los participantes.<\/p>\n<\/p>\n                            \n                           \n                           \n                        <\/div>        \n                        \n                                            \n                        <div class=\"swiper-slide bl-caja\">                          \n                             <span class=\"ico-circular animation scalexTop delay-5\">5<\/span>\n                             <h3>Promocionar el evento<\/h3>\n                             <p><p>Difusi\u00f3n a trav\u00e9s de los diferentes soportes de MCB.<\/p>\n<\/p>\n                            \n                           \n                           \n                        <\/div>        \n                        \n                                            \n                        <div class=\"swiper-slide bl-caja\">                          \n                             <span class=\"ico-circular animation scalexTop delay-6\">6<\/span>\n                             <h3>Informaci\u00f3n tur\u00edstica<\/h3>\n                             <p><p>y establecimiento de puntos de informaci\u00f3n in situ<\/p>\n<\/p>\n                            \n                           \n                           \n                        <\/div>        \n                        \n                                            \n                        <div class=\"swiper-slide bl-caja\">                          \n                             <span class=\"ico-circular animation scalexTop delay-7\">7<\/span>\n                             <h3>Organizaci\u00f3n viajes familiarizaci\u00f3n<\/h3>\n                             <p><p>desde diferentes mercados emisores de turismo de negocio para dar a conocer in situ la oferta de la ciudad.<\/p>\n<\/p>\n                            \n                           \n                           \n                        <\/div>        \n                        \n                                            \n                        <div class=\"swiper-slide bl-caja\">                          \n                             <span class=\"ico-circular animation scalexTop delay-8\">8<\/span>\n                             <h3>Bienvenida oficial<\/h3>\n                             <p><p>Organizaci\u00f3n de recepciones de bienvenida oficial a los congresistas.<\/p>\n<\/p>\n                            \n                           \n                           \n                        <\/div>        \n                        \n                                    <\/div>\n                <div class=\"swiper-button-next\"><\/div>\n                <div class=\"swiper-button-prev\"><\/div>\n            <\/div>\n        <\/div> \n    <\/div>  \n<\/section>\n\n<script>\n  jQuery(document).ready(function(){\n    var swiper = new Swiper(\".mySwiperCN\", {\n      slidesPerView: 1,\n      spaceBetween: 30, \n      navigation: {\n        nextEl: \".swiper-button-next\",\n        prevEl: \".swiper-button-prev\",\n      },\n      breakpoints: {\n        640: {\n          slidesPerView: 1,\n          spaceBetween: 30,\n        },\n        768: {\n          slidesPerView: 2,\n          spaceBetween: 30,\n        },\n        1024: {\n          slidesPerView: 3,\n          spaceBetween: 30,\n        },\n      },\n      on: {\n      slideChange: function(){\n          \/\/\n      }\n    }\n    });\n  });\n<\/script>\n\n\n<section class=\"bloque-personalizado bloque-cta-texto \" >\n    <div class=\"container \"> \n        <div class=\"row\">\n        <div class=\"col-12 col-md-8 bl-titulo animation fadeLeft\">Garantizamos el perfecto desarrollo de cualquier acto en la ciudad<\/div>\n        <div class=\"col-12 col-md-4 bl-texto d-flex align-items-end \"><a href=\"\/mcb\/organiza-tu-evento\/\" class=\"btn btn-secondary animation opacity delay-2\">organiza tu evento<\/a><\/div>\n        <\/div> \n    <\/div>  \n<\/section>\n\n\n\n    <section class=\"container bloque-txt-titulo \" >\n    <div class=\"row\"> \n        <div class=\"col-12 col-md-6 col-lg-4  mb-3 md-md-0 animation fadeRight\">\n            <h3 class=\"bl-titulo  \">POL\u00cdTICA DE CALIDAD<\/h3>\n        <\/div>\n        <div class=\"col-12 col-md-6 col-lg-8 bl-texto\">\n            <p>El Madrid Convention Bureau tiene como fin principal promover Madrid como ciudad de encuentros y congresos nacionales e internacionales y facilitar t\u00e9cnica e institucional-mente su celebraci\u00f3n, generando un impacto positivo sobre la ciudad de Madrid.<\/p>\n<p>Madrid Convention Bureau asume el compromiso de mejorar de manera continua la calidad de los servicios que ofrece a sus clientes y a sus socios, con la finalidad de lograr la plena satisfacci\u00f3n de sus necesidades y la superaci\u00f3n de sus expectativas. Todo ello con el fin \u00faltimo de mejorar la imagen y el posicionamiento de la ciudad de Madrid como destino de todo tipo de eventos y reuniones.<\/p>\n<p>Asimismo, el Madrid Convention Bureau asume el compromiso de:<\/p>\n \n            <div class=\"acf-innerblocks-container\"><\/div>\n        <\/div>\n    <\/div>\n<\/section>\n\n\n\n\n    <section class=\"bloque-personalizado bloque-lista-items \" >\n    <div class=\"container \"> \n        <div class=\"row \">\n\n                            \n                <div class=\"col-12   \">        \n                  <div class=\"bl-caja flex-wrap animation fadeLeft ssdelay-1\">                  \n                      <div class=\"col-3 col-md-1\"><span class=\"ico-circular\"><img decoding=\"async\" src=\"https:\/\/www.esmadrid.com\/mcb\/wp-content\/themes\/mcb24\/img\/check.svg\"><\/span><\/div>\n                      <h3 class=\"col-9 col-md-3 mb-2 mb-md-0\">Optimizaci\u00f3n de calidad del servicio<\/h3>\n                      <p class=\"col-12 col-md-8\">Generar una din\u00e1mica de trabajo encaminada a optimizar el funcionamiento interno y la calidad del servicio ofrecido, asignando los medios humanos y t\u00e9cnicos necesarios.<\/p>\n                  <\/div>\n                <\/div>        \n                \n                            \n                <div class=\"col-12   \">        \n                  <div class=\"bl-caja flex-wrap animation fadeLeft ssdelay-2\">                  \n                      <div class=\"col-3 col-md-1\"><span class=\"ico-circular\"><img decoding=\"async\" src=\"https:\/\/www.esmadrid.com\/mcb\/wp-content\/themes\/mcb24\/img\/check.svg\"><\/span><\/div>\n                      <h3 class=\"col-9 col-md-3 mb-2 mb-md-0\">Evaluaci\u00f3n continua de satisfacci\u00f3n de clientes<\/h3>\n                      <p class=\"col-12 col-md-8\">Evaluar de manera continua el nivel de satisfacci\u00f3n de nuestros clientes y asociados y recoger sus opiniones, comentarios y sugerencias con el fin de mejorar la calidad en la prestaci\u00f3n de servicios.<\/p>\n                  <\/div>\n                <\/div>        \n                \n                            \n                <div class=\"col-12   \">        \n                  <div class=\"bl-caja flex-wrap animation fadeLeft ssdelay-3\">                  \n                      <div class=\"col-3 col-md-1\"><span class=\"ico-circular\"><img decoding=\"async\" src=\"https:\/\/www.esmadrid.com\/mcb\/wp-content\/themes\/mcb24\/img\/check.svg\"><\/span><\/div>\n                      <h3 class=\"col-9 col-md-3 mb-2 mb-md-0\">Procesos de trabajo eficientes<\/h3>\n                      <p class=\"col-12 col-md-8\">Revisar los procesos de trabajo interno y adecuarlos de forma permanente de manera que sean m\u00e1s eficientes.<\/p>\n                  <\/div>\n                <\/div>        \n                \n                            \n                <div class=\"col-12   \">        \n                  <div class=\"bl-caja flex-wrap animation fadeLeft ssdelay-4\">                  \n                      <div class=\"col-3 col-md-1\"><span class=\"ico-circular\"><img decoding=\"async\" src=\"https:\/\/www.esmadrid.com\/mcb\/wp-content\/themes\/mcb24\/img\/check.svg\"><\/span><\/div>\n                      <h3 class=\"col-9 col-md-3 mb-2 mb-md-0\">Fomentar participaci\u00f3n del personal<\/h3>\n                      <p class=\"col-12 col-md-8\">Fomentar la participaci\u00f3n de todo el personal en este esfuerzo de superaci\u00f3n y mejora continua.<\/p>\n                  <\/div>\n                <\/div>        \n                \n                            \n                <div class=\"col-12   \">        \n                  <div class=\"bl-caja flex-wrap animation fadeLeft ssdelay-5\">                  \n                      <div class=\"col-3 col-md-1\"><span class=\"ico-circular\"><img decoding=\"async\" src=\"https:\/\/www.esmadrid.com\/mcb\/wp-content\/themes\/mcb24\/img\/check.svg\"><\/span><\/div>\n                      <h3 class=\"col-9 col-md-3 mb-2 mb-md-0\">Adaptar y modernizar equipos<\/h3>\n                      <p class=\"col-12 col-md-8\">Adaptar y modernizar los equipos t\u00e9cnicos y sistemas de apoyo utilizados para garantizar su adecuaci\u00f3n constante a los objetivos detallados en el Plan de Acci\u00f3n del MCB y en los documentos que lo complementan.<\/p>\n                  <\/div>\n                <\/div>        \n                \n                            \n                <div class=\"col-12   \">        \n                  <div class=\"bl-caja flex-wrap animation fadeLeft ssdelay-6\">                  \n                      <div class=\"col-3 col-md-1\"><span class=\"ico-circular\"><img decoding=\"async\" src=\"https:\/\/www.esmadrid.com\/mcb\/wp-content\/themes\/mcb24\/img\/check.svg\"><\/span><\/div>\n                      <h3 class=\"col-9 col-md-3 mb-2 mb-md-0\">Atender de forma r\u00e1pida y eficaz<\/h3>\n                      <p class=\"col-12 col-md-8\">Atender de forma r\u00e1pida y eficaz las necesidades expresadas por proveedores, organizadores y otras empresas que intervienen en el sector MICE de Madrid.<\/p>\n                  <\/div>\n                <\/div>        \n                \n                            \n                <div class=\"col-12   \">        \n                  <div class=\"bl-caja flex-wrap animation fadeLeft ssdelay-7\">                  \n                      <div class=\"col-3 col-md-1\"><span class=\"ico-circular\"><img decoding=\"async\" src=\"https:\/\/www.esmadrid.com\/mcb\/wp-content\/themes\/mcb24\/img\/check.svg\"><\/span><\/div>\n                      <h3 class=\"col-9 col-md-3 mb-2 mb-md-0\">Integrar criterios de desarrollo sostenible<\/h3>\n                      <p class=\"col-12 col-md-8\">Integrar criterios de desarrollo sostenible que minimicen el consumo energ\u00e9tico y realizar una labor de concienciaci\u00f3n e informaci\u00f3n medioambiental dirigida al equipo del Madrid Convention Bureau. En este aspecto, se considera que el desarrollo de la actividad de la Oficina del MCB genera un impacto m\u00ednimo en la degradaci\u00f3n del medio.<\/p>\n                  <\/div>\n                <\/div>        \n                \n            \n        <\/div> \n    <\/div>  \n<\/section>\n\n","protected":false},"excerpt":{"rendered":"","protected":false},"author":1,"featured_media":0,"parent":0,"menu_order":10,"comment_status":"closed","ping_status":"closed","template":"page-full.php","meta":{"_acf_changed":false,"footnotes":""},"class_list":["post-5801","page","type-page","status-publish","hentry"],"acf":[],"yoast_head":"<!-- This site is optimized with the Yoast SEO plugin v27.3 - https:\/\/yoast.com\/product\/yoast-seo-wordpress\/ -->\n<title>Qu\u00e9 es el MCB - Madrid Convention Bureau<\/title>\n<meta name=\"description\" content=\"Madrid Convention Bureau cuyos objetivos principales son la promoci\u00f3n de Madrid como destino id\u00f3neo para la celebraci\u00f3n de todo tipo de reuniones, desde congresos y convenciones\" \/>\n<meta name=\"robots\" content=\"index, follow, max-snippet:-1, max-image-preview:large, max-video-preview:-1\" \/>\n<link rel=\"canonical\" href=\"https:\/\/www.esmadrid.com\/mcb\/que-es-el-mcb\/\" \/>\n<meta property=\"og:locale\" content=\"es_ES\" \/>\n<meta property=\"og:type\" content=\"article\" \/>\n<meta property=\"og:title\" content=\"Qu\u00e9 es el MCB - Madrid Convention Bureau\" \/>\n<meta property=\"og:description\" content=\"Madrid Convention Bureau cuyos objetivos principales son la promoci\u00f3n de Madrid como destino id\u00f3neo para la celebraci\u00f3n de todo tipo de reuniones, desde congresos y convenciones\" \/>\n<meta property=\"og:url\" content=\"https:\/\/www.esmadrid.com\/mcb\/que-es-el-mcb\/\" \/>\n<meta property=\"og:site_name\" content=\"Madrid Convention Bureau\" \/>\n<meta property=\"article:modified_time\" content=\"2024-06-13T12:13:27+00:00\" \/>\n<meta name=\"twitter:card\" content=\"summary_large_image\" \/>\n<meta name=\"twitter:label1\" content=\"Tiempo de lectura\" \/>\n\t<meta name=\"twitter:data1\" content=\"2 minutos\" \/>\n<script type=\"application\/ld+json\" class=\"yoast-schema-graph\">{\"@context\":\"https:\\\/\\\/schema.org\",\"@graph\":[{\"@type\":\"WebPage\",\"@id\":\"https:\\\/\\\/www.esmadrid.com\\\/mcb\\\/que-es-el-mcb\\\/\",\"url\":\"https:\\\/\\\/www.esmadrid.com\\\/mcb\\\/que-es-el-mcb\\\/\",\"name\":\"Qu\u00e9 es el MCB - Madrid Convention Bureau\",\"isPartOf\":{\"@id\":\"https:\\\/\\\/www.esmadrid.com\\\/mcb\\\/#website\"},\"datePublished\":\"2023-09-29T10:33:07+00:00\",\"dateModified\":\"2024-06-13T12:13:27+00:00\",\"description\":\"Madrid Convention Bureau cuyos objetivos principales son la promoci\u00f3n de Madrid como destino id\u00f3neo para la celebraci\u00f3n de todo tipo de reuniones, desde congresos y convenciones\",\"breadcrumb\":{\"@id\":\"https:\\\/\\\/www.esmadrid.com\\\/mcb\\\/que-es-el-mcb\\\/#breadcrumb\"},\"inLanguage\":\"es\",\"potentialAction\":[{\"@type\":\"ReadAction\",\"target\":[\"https:\\\/\\\/www.esmadrid.com\\\/mcb\\\/que-es-el-mcb\\\/\"]}]},{\"@type\":\"BreadcrumbList\",\"@id\":\"https:\\\/\\\/www.esmadrid.com\\\/mcb\\\/que-es-el-mcb\\\/#breadcrumb\",\"itemListElement\":[{\"@type\":\"ListItem\",\"position\":1,\"name\":\"Portada\",\"item\":\"https:\\\/\\\/www.esmadrid.com\\\/mcb\\\/\"},{\"@type\":\"ListItem\",\"position\":2,\"name\":\"Qu\u00e9 es el MCB\"}]},{\"@type\":\"WebSite\",\"@id\":\"https:\\\/\\\/www.esmadrid.com\\\/mcb\\\/#website\",\"url\":\"https:\\\/\\\/www.esmadrid.com\\\/mcb\\\/\",\"name\":\"Madrid Convention Bureau\",\"description\":\"Madrid Convention Bureau cuenta con un Equipo de profesionales que le asesorar\u00e1 sobre los mejores espacios y proveedores de servicios del sector MICE\",\"potentialAction\":[{\"@type\":\"SearchAction\",\"target\":{\"@type\":\"EntryPoint\",\"urlTemplate\":\"https:\\\/\\\/www.esmadrid.com\\\/mcb\\\/?s={search_term_string}\"},\"query-input\":{\"@type\":\"PropertyValueSpecification\",\"valueRequired\":true,\"valueName\":\"search_term_string\"}}],\"inLanguage\":\"es\"}]}<\/script>\n<!-- \/ Yoast SEO plugin. -->","yoast_head_json":{"title":"Qu\u00e9 es el MCB - Madrid Convention Bureau","description":"Madrid Convention Bureau cuyos objetivos principales son la promoci\u00f3n de Madrid como destino id\u00f3neo para la celebraci\u00f3n de todo tipo de reuniones, desde congresos y convenciones","robots":{"index":"index","follow":"follow","max-snippet":"max-snippet:-1","max-image-preview":"max-image-preview:large","max-video-preview":"max-video-preview:-1"},"canonical":"https:\/\/www.esmadrid.com\/mcb\/que-es-el-mcb\/","og_locale":"es_ES","og_type":"article","og_title":"Qu\u00e9 es el MCB - Madrid Convention Bureau","og_description":"Madrid Convention Bureau cuyos objetivos principales son la promoci\u00f3n de Madrid como destino id\u00f3neo para la celebraci\u00f3n de todo tipo de reuniones, desde congresos y convenciones","og_url":"https:\/\/www.esmadrid.com\/mcb\/que-es-el-mcb\/","og_site_name":"Madrid Convention Bureau","article_modified_time":"2024-06-13T12:13:27+00:00","twitter_card":"summary_large_image","twitter_misc":{"Tiempo de lectura":"2 minutos"},"schema":{"@context":"https:\/\/schema.org","@graph":[{"@type":"WebPage","@id":"https:\/\/www.esmadrid.com\/mcb\/que-es-el-mcb\/","url":"https:\/\/www.esmadrid.com\/mcb\/que-es-el-mcb\/","name":"Qu\u00e9 es el MCB - Madrid Convention Bureau","isPartOf":{"@id":"https:\/\/www.esmadrid.com\/mcb\/#website"},"datePublished":"2023-09-29T10:33:07+00:00","dateModified":"2024-06-13T12:13:27+00:00","description":"Madrid Convention Bureau cuyos objetivos principales son la promoci\u00f3n de Madrid como destino id\u00f3neo para la celebraci\u00f3n de todo tipo de reuniones, desde congresos y convenciones","breadcrumb":{"@id":"https:\/\/www.esmadrid.com\/mcb\/que-es-el-mcb\/#breadcrumb"},"inLanguage":"es","potentialAction":[{"@type":"ReadAction","target":["https:\/\/www.esmadrid.com\/mcb\/que-es-el-mcb\/"]}]},{"@type":"BreadcrumbList","@id":"https:\/\/www.esmadrid.com\/mcb\/que-es-el-mcb\/#breadcrumb","itemListElement":[{"@type":"ListItem","position":1,"name":"Portada","item":"https:\/\/www.esmadrid.com\/mcb\/"},{"@type":"ListItem","position":2,"name":"Qu\u00e9 es el MCB"}]},{"@type":"WebSite","@id":"https:\/\/www.esmadrid.com\/mcb\/#website","url":"https:\/\/www.esmadrid.com\/mcb\/","name":"Madrid Convention Bureau","description":"Madrid Convention Bureau cuenta con un Equipo de profesionales que le asesorar\u00e1 sobre los mejores espacios y proveedores de servicios del sector MICE","potentialAction":[{"@type":"SearchAction","target":{"@type":"EntryPoint","urlTemplate":"https:\/\/www.esmadrid.com\/mcb\/?s={search_term_string}"},"query-input":{"@type":"PropertyValueSpecification","valueRequired":true,"valueName":"search_term_string"}}],"inLanguage":"es"}]}},"_links":{"self":[{"href":"https:\/\/www.esmadrid.com\/mcb\/wp-json\/wp\/v2\/pages\/5801","targetHints":{"allow":["GET"]}}],"collection":[{"href":"https:\/\/www.esmadrid.com\/mcb\/wp-json\/wp\/v2\/pages"}],"about":[{"href":"https:\/\/www.esmadrid.com\/mcb\/wp-json\/wp\/v2\/types\/page"}],"author":[{"embeddable":true,"href":"https:\/\/www.esmadrid.com\/mcb\/wp-json\/wp\/v2\/users\/1"}],"replies":[{"embeddable":true,"href":"https:\/\/www.esmadrid.com\/mcb\/wp-json\/wp\/v2\/comments?post=5801"}],"version-history":[{"count":37,"href":"https:\/\/www.esmadrid.com\/mcb\/wp-json\/wp\/v2\/pages\/5801\/revisions"}],"predecessor-version":[{"id":7563,"href":"https:\/\/www.esmadrid.com\/mcb\/wp-json\/wp\/v2\/pages\/5801\/revisions\/7563"}],"wp:attachment":[{"href":"https:\/\/www.esmadrid.com\/mcb\/wp-json\/wp\/v2\/media?parent=5801"}],"curies":[{"name":"wp","href":"https:\/\/api.w.org\/{rel}","templated":true}]}}