{"id":5663,"date":"2023-09-13T12:50:07","date_gmt":"2023-09-13T12:50:07","guid":{"rendered":"https:\/\/www.esmadrid.com\/mcb\/?page_id=5663"},"modified":"2026-01-09T10:07:57","modified_gmt":"2026-01-09T10:07:57","slug":"madrid-convention-bureau","status":"publish","type":"page","link":"https:\/\/www.esmadrid.com\/mcb\/","title":{"rendered":"Madrid Convention Bureau"},"content":{"rendered":"\r\n  <section class=\"bloque-banner-home container\">\r\n  <div class=\"row justify-content-center\">          \r\n    \r\n\r\n      <div class=\"col-12 col-lg-8  \">\r\n\r\n        <div class=\"galeria-home swiper basic-img-big\">\r\n          <div class=\"swiper-wrapper\">\r\n                       \r\n                                       <div class=\"swiper-slide\">\r\n                        <img decoding=\"async\" src=\"https:\/\/www.esmadrid.com\/mcb\/wp-content\/uploads\/2023\/09\/1-1024x684.webp\" alt=\"\" \/>                      \r\n                     <\/div>\r\n                                       <div class=\"swiper-slide\">\r\n                        <img decoding=\"async\" src=\"https:\/\/www.esmadrid.com\/mcb\/wp-content\/uploads\/2023\/11\/Parque-do-Retiro-Madrid-4-1024x768.jpg\" alt=\"\" \/>                      \r\n                     <\/div>\r\n                                       <div class=\"swiper-slide\">\r\n                        <img decoding=\"async\" src=\"https:\/\/www.esmadrid.com\/mcb\/wp-content\/uploads\/2023\/11\/tomas-anton-escobar-ply0HFTnVEg-unsplash1-1024x683.jpg\" alt=\"\" \/>                      \r\n                     <\/div>\r\n                                       <div class=\"swiper-slide\">\r\n                        <img decoding=\"async\" src=\"https:\/\/www.esmadrid.com\/mcb\/wp-content\/uploads\/2025\/12\/001_Geniallysintitulo-1024x576.jpg\" alt=\"\" \/>                      \r\n                     <\/div>\r\n                                \r\n                    <\/div>\r\n        <\/div>\r\n      <\/div>\r\n      <div class=\"col-12 col-lg-3 animation fadeTop  \">\r\n        <h1>Bienvenidos a Madrid,  <span>donde las reuniones cobran vida<\/span><\/h1>\r\n        <h2>Madrid Convention Bureau te ayuda a organizar tus reuniones y eventos<\/h2>\r\n        <a class=\"btn btn-primary mb-2\" href=\"https:\/\/www.esmadrid.com\/mcb\/que-es-el-mcb\/\">m\u00e1s informaci\u00f3n<\/a>\r\n      <\/div>\r\n\r\n\r\n  <\/div>\r\n<\/section>\r\n<script>\r\n  jQuery(document).ready(function(){\r\n    var swiper = new Swiper(\".galeria-home\", {\r\n      spaceBetween: 0,\r\n      effect: \"fade\",\r\n      speed: 800,\r\n      navigation: false,\r\n      pagination: false,\r\n      autoplay: {\r\n        delay: 2500,\r\n        disableOnInteraction: false,\r\n      },\r\n    });\r\n  });\r\n  <\/script>\r\n\n\n\n    <section class=\"container bloque-txt-titulo \" >\n    <div class=\"row\"> \n        <div class=\"col-12 col-md-6 col-lg-4  mb-3 md-md-0 animation fadeRight\">\n            <h3 class=\"bl-titulo  \">AYUDAMOS A CONVERTIR TU REUNI\u00d3N EN UN \u00c9XITO<\/h3>\n        <\/div>\n        <div class=\"col-12 col-md-6 col-lg-8 bl-texto\">\n             \n            <div class=\"acf-innerblocks-container\">\n\n<p>Bienvenidos a Madrid, ciudad vital, acogedora y cosmopolita, donde nadie se siente extranjero. Galardonada en los World Travel Awards 2025, por s\u00e9ptimo a\u00f1o consecutivo, como mejor destino mundial de reuniones y congresos, Madrid ofrece un escenario c\u00f3modo y seguro, donde entregarse al ocio o hacer negocios resulta igual de placentero. Su rico patrimonio art\u00edstico y natural, su avanzada red de transportes, la calidad de los alojamientos, su excelente gastronom\u00eda y la pasi\u00f3n con que los madrile\u00f1os disfrutan del d\u00eda y de la noche convierten a la capital de Espa\u00f1a en una de las ciudades m\u00e1s atractivas del mundo. En esta web le invitamos a descubrir qu\u00e9 puede ofrecerle nuestra ciudad para lograr que su evento, reuni\u00f3n, viaje de incentivo o congreso se convierta en un rotundo \u00e9xito.<\/p>\n\n\n\n<p><strong>Almudena Ma\u00edllo del Valle<\/strong><br>Concejala delegada de Turismo y presidenta de Madrid Convention Bureau (MCB)<\/p>\n\n<\/div>\n        <\/div>\n    <\/div>\n<\/section>\n\n\n    <section class=\"bloque-personalizado bloque-carac-iconos \" >\n    <div class=\"container \"> \n        <div class=\"row  justify-content-around \">\n                    \n            <div class=\"col-12 col-lg-4 carac\">\n                <a href=\"organiza-tu-evento\/\" class=\"\">\n                    <span class=\"ico-circular animation scalexTop delay-1\"><img decoding=\"async\" class=\"bl-ico\" src=\"https:\/\/www.esmadrid.com\/mcb\/wp-content\/uploads\/2023\/09\/ico_lupa.svg\"><\/span>\n                    <h3 class=\" bl-titulo\">Buscador de sedes y servicios<\/h3>\n                    <p>Encuentra lo que necesitas para organizar tu evento con nuestro buscador de socios<\/p>\n                <\/a>\n            <\/div>          \n            \n                    \n            <div class=\"col-12 col-lg-4 carac\">\n                <a href=\"calendario-de-congresos\/\" class=\"\">\n                    <span class=\"ico-circular animation scalexTop delay-2\"><img decoding=\"async\" class=\"bl-ico\" src=\"https:\/\/www.esmadrid.com\/mcb\/wp-content\/uploads\/2023\/09\/ico_calendar.svg\"><\/span>\n                    <h3 class=\" bl-titulo\">Calendario de congresos<\/h3>\n                    <p>Descubre que eventos tendr\u00e1n lugar en Madrid este a\u00f1o<\/p>\n                <\/a>\n            <\/div>          \n            \n                    \n            <div class=\"col-12 col-lg-4 carac\">\n                <a href=\"documentos-informes\/\" class=\"\">\n                    <span class=\"ico-circular animation scalexTop delay-3\"><img decoding=\"async\" class=\"bl-ico\" src=\"https:\/\/www.esmadrid.com\/mcb\/wp-content\/uploads\/2023\/09\/ico_hoja.svg\"><\/span>\n                    <h3 class=\" bl-titulo\">Documentos e informes<\/h3>\n                    <p>Informaci\u00f3n sobre incentivos, sostenibilidad, gu\u00eda MICE, novedades de Madrid<\/p>\n                <\/a>\n            <\/div>          \n            \n                <\/div> \n    <\/div>  \n<\/section>\n\n\n\n    <section class=\"container bloque-txt-titulo \" >\n    <div class=\"row\"> \n        <div class=\"col-12 col-md-6 col-lg-4  mb-3 md-md-0 animation fadeRight\">\n            <h3 class=\"bl-titulo  \">Por qu\u00e9 Madrid<\/h3>\n        <\/div>\n        <div class=\"col-12 col-md-6 col-lg-8 bl-texto\">\n             \n            <div class=\"acf-innerblocks-container\"><\/div>\n        <\/div>\n    <\/div>\n<\/section>\n\n\n\n<section class=\"bloque-personalizado bloque-enlaces-imgs \" >\n    <div class=\"container \"> \n        <div class=\"row \">\n          <div  class=\"swiper mySwiperBEI\">\n                <div class=\"swiper-wrapper\" >\n                                            \n                        <div class=\"swiper-slide col-12 col-md-4 mb-3 md-md-0 bl-enlace\">\n                                                        <a href=\"\/mcb\/por-que-madrid\/#section1\"  \n                                                            class=\"bl-enlace-inner\" style=\"background-image:url('https:\/\/www.esmadrid.com\/mcb\/wp-content\/uploads\/2023\/10\/david-klein-bD9M9GHzFA4-unsplash-1-scaled.jpg')\">\n                                                        <div class=\"bl-caja-texto animation fadeTop delay-1\">\n                                Excelente red de transporte que conecta la ciudad con el resto de Europa y el mundo                                <span class=\"ico-circular   \"><img decoding=\"async\" src=\"https:\/\/www.esmadrid.com\/mcb\/wp-content\/themes\/mcb24\/img\/plus.svg\"><\/span>                            <\/div>\n                                                        <\/a>\n                                                    <\/div>        \n                        \n                                            \n                        <div class=\"swiper-slide col-12 col-md-4 mb-3 md-md-0 bl-enlace\">\n                                                        <a href=\"\/mcb\/por-que-madrid\/#section2\"  \n                                                            class=\"bl-enlace-inner\" style=\"background-image:url('https:\/\/www.esmadrid.com\/mcb\/wp-content\/uploads\/2023\/09\/1.webp')\">\n                                                        <div class=\"bl-caja-texto animation fadeTop delay-2\">\n                                Mejor destino de reuniones de Europa por 5\u00ba a\u00f1o consecutivo                                <span class=\"ico-circular   \"><img decoding=\"async\" src=\"https:\/\/www.esmadrid.com\/mcb\/wp-content\/themes\/mcb24\/img\/plus.svg\"><\/span>                            <\/div>\n                                                        <\/a>\n                                                    <\/div>        \n                        \n                                            \n                        <div class=\"swiper-slide col-12 col-md-4 mb-3 md-md-0 bl-enlace\">\n                                                        <a href=\"https:\/\/www.esmadrid.com\/mcb\/sedes-y-servicios\/sedes\/sede_especial\/\"  \n                                                            class=\"bl-enlace-inner\" style=\"background-image:url('https:\/\/www.esmadrid.com\/mcb\/wp-content\/uploads\/2023\/09\/sala-copia.webp')\">\n                                                        <div class=\"bl-caja-texto animation fadeTop delay-3\">\n                                Espacios impactantes y \u00fanicos para convertir tu evento en un \u00e9xito                                <span class=\"ico-circular   \"><img decoding=\"async\" src=\"https:\/\/www.esmadrid.com\/mcb\/wp-content\/themes\/mcb24\/img\/plus.svg\"><\/span>                            <\/div>\n                                                        <\/a>\n                                                    <\/div>        \n                        \n                                            \n                        <div class=\"swiper-slide col-12 col-md-4 mb-3 md-md-0 bl-enlace\">\n                                                        <a href=\"\/mcb\/por-que-madrid\/#section4\"  \n                                                            class=\"bl-enlace-inner\" style=\"background-image:url('https:\/\/www.esmadrid.com\/mcb\/wp-content\/uploads\/2023\/09\/4.webp')\">\n                                                        <div class=\"bl-caja-texto animation fadeTop delay-4\">\n                                Madrid , una ciudad verde y saludable                                <span class=\"ico-circular   \"><img decoding=\"async\" src=\"https:\/\/www.esmadrid.com\/mcb\/wp-content\/themes\/mcb24\/img\/plus.svg\"><\/span>                            <\/div>\n                                                        <\/a>\n                                                    <\/div>        \n                        \n                                            \n                        <div class=\"swiper-slide col-12 col-md-4 mb-3 md-md-0 bl-enlace\">\n                                                        <a href=\"https:\/\/www.esmadrid.com\/mcb\/organiza-tu-evento\/incentivos\/\"  \n                                                            class=\"bl-enlace-inner\" style=\"background-image:url('https:\/\/www.esmadrid.com\/mcb\/wp-content\/uploads\/2023\/11\/tomas-anton-escobar-ply0HFTnVEg-unsplash1-scaled.jpg')\">\n                                                        <div class=\"bl-caja-texto animation fadeTop delay-5\">\n                                Amplia oferta de ocio y cultura                                <span class=\"ico-circular   \"><img decoding=\"async\" src=\"https:\/\/www.esmadrid.com\/mcb\/wp-content\/themes\/mcb24\/img\/plus.svg\"><\/span>                            <\/div>\n                                                        <\/a>\n                                                    <\/div>        \n                        \n                                    <\/div>\n                <div class=\"swiper-button-next\"><\/div>\n                <div class=\"swiper-button-prev\"><\/div>\n            <\/div>\n        <\/div> \n    <\/div>  \n<\/section>\n\n<script>\n  jQuery(document).ready(function(){\n    var swiper = new Swiper(\".mySwiperBEI\", {\n      slidesPerView: 1,\n      spaceBetween: 30, \n      navigation: {\n        nextEl: \".swiper-button-next\",\n        prevEl: \".swiper-button-prev\",\n      },\n      breakpoints: {\n        640: {\n          slidesPerView: 1,\n          spaceBetween: 30,\n        },\n        768: {\n          slidesPerView: 2,\n          spaceBetween: 30,\n        },\n        1024: {\n          slidesPerView: 3,\n          spaceBetween: 30,\n        },\n      },\n      on: {\n      slideChange: function(){\n          \/\/\n      }\n    }\n    });\n  });\n<\/script>\n\n\n<section class=\"bloque-personalizado bloque-cta-texto \" >\n    <div class=\"container \"> \n        <div class=\"row\">\n        <div class=\"col-12 col-md-8 bl-titulo animation fadeLeft\">Bienvenidos a Madrid, ciudad vital, acogedora y cosmopolitana, donde nadie se siente extranjero<\/div>\n        <div class=\"col-12 col-md-4 bl-texto d-flex align-items-end \"><a href=\"https:\/\/www.esmadrid.com\/mcb\/organiza-tu-evento\/\" class=\"btn btn-secondary animation opacity delay-2\">organiza tu evento<\/a><\/div>\n        <\/div> \n    <\/div>  \n<\/section>\n\n\n\n    <section class=\"container bloque-txt-titulo \" >\n    <div class=\"row\"> \n        <div class=\"col-12 col-md-6 col-lg-4  mb-3 md-md-0 animation fadeRight\">\n            <h3 class=\"bl-titulo  \">Actualidad<\/h3>\n        <\/div>\n        <div class=\"col-12 col-md-6 col-lg-8 bl-texto\">\n             \n            <div class=\"acf-innerblocks-container\"><\/div>\n        <\/div>\n    <\/div>\n<\/section>\n\n\n\n<section class=\"container bloque-personalizado bloque-noticias \" >\n  <div class=\"row\"> \n    \n        <div class=\"col-12 col-md-4 mb-3 md-md-0 \">\n          <a href=\"https:\/\/www.esmadrid.com\/mcb\/novedades\/el-futuro-del-urbanismo-vertical-se-debate-en-madrid-en-cvu-europa-2026\/\" rel=\"bookmark\" title=\"El futuro del urbanismo vertical se debate en Madrid en CVU Europa 2026\" class=\"\">\n            <div class=\"bl-inner\">              \n              <div class=\"bl-image\"><img loading=\"lazy\" decoding=\"async\" width=\"700\" height=\"350\" src=\"https:\/\/www.esmadrid.com\/mcb\/wp-content\/uploads\/2026\/04\/Europe_RegisterNow_LinkedIn_-700x350.png\" class=\"basic-thumb wp-post-image\" alt=\"El futuro del urbanismo vertical se debate en Madrid en CVU Europa 2026\" \/><\/div>\n                                <div class=\"bl-cat\">Novedades<\/div>\n              <h4 class=\"bl-titulo\">El futuro del urbanismo vertical se debate en Madrid en CVU Europa 2026<\/h4>\n              <span class=\"bl-fecha\"> <time class=\"updated\" datetime=\"2026-04-17\" pubdate>17\/04\/2026<\/time> <\/span>\n            <\/div>\n          <\/a>\n        <\/div>\n        \n        <div class=\"col-12 col-md-4 mb-3 md-md-0 \">\n          <a href=\"https:\/\/www.esmadrid.com\/mcb\/novedades\/madrid-acoge-madrikina-2026-la-feria-clave-del-sector-audiovisual\/\" rel=\"bookmark\" title=\"Madrid acoge Madrikina 2026, la feria clave del sector audiovisual\" class=\"\">\n            <div class=\"bl-inner\">              \n              <div class=\"bl-image\"><img loading=\"lazy\" decoding=\"async\" width=\"700\" height=\"350\" src=\"https:\/\/www.esmadrid.com\/mcb\/wp-content\/uploads\/2026\/04\/camera_raw-700x350.webp\" class=\"basic-thumb wp-post-image\" alt=\"Madrid acoge Madrikina 2026, la feria clave del sector audiovisual\" \/><\/div>\n                                <div class=\"bl-cat\">Novedades<\/div>\n              <h4 class=\"bl-titulo\">Madrid acoge Madrikina 2026, la feria clave del sector audiovisual<\/h4>\n              <span class=\"bl-fecha\"> <time class=\"updated\" datetime=\"2026-04-17\" pubdate>17\/04\/2026<\/time> <\/span>\n            <\/div>\n          <\/a>\n        <\/div>\n        \n        <div class=\"col-12 col-md-4 mb-3 md-md-0 \">\n          <a href=\"https:\/\/www.esmadrid.com\/mcb\/novedades\/madrid-convention-bureau-incrementa-la-promocion-en-mercados-consolidados-como-ee-uu-latam-y-europa\/\" rel=\"bookmark\" title=\"Madrid Convention Bureau incrementa la promoci\u00f3n en mercados consolidados como EE.UU., Latam y Europa\" class=\"\">\n            <div class=\"bl-inner\">              \n              <div class=\"bl-image\"><img loading=\"lazy\" decoding=\"async\" width=\"700\" height=\"350\" src=\"https:\/\/www.esmadrid.com\/mcb\/wp-content\/uploads\/2026\/04\/FNP8862-700x350.jpeg\" class=\"basic-thumb wp-post-image\" alt=\"Madrid Convention Bureau incrementa la promoci\u00f3n en mercados consolidados como EE.UU., Latam y Europa\" \/><\/div>\n                                <div class=\"bl-cat\">Novedades<\/div>\n              <h4 class=\"bl-titulo\">Madrid Convention Bureau incrementa la promoci\u00f3n en mercados consolidados como EE.UU., Latam y Europa<\/h4>\n              <span class=\"bl-fecha\"> <time class=\"updated\" datetime=\"2026-04-10\" pubdate>10\/04\/2026<\/time> <\/span>\n            <\/div>\n          <\/a>\n        <\/div>\n            <\/div>\n    <div class=\"text-center mt-3\">\n      <a href=\"https:\/\/www.esmadrid.com\/mcb\/novedades\/\" class=\"btn btn-primary animation opacity delay-2\">Ver todo<\/a>\n    <\/div>\n  <\/section>\n  \n","protected":false},"excerpt":{"rendered":"","protected":false},"author":1,"featured_media":0,"parent":0,"menu_order":0,"comment_status":"closed","ping_status":"closed","template":"","meta":{"_acf_changed":false,"footnotes":""},"class_list":["post-5663","page","type-page","status-publish","hentry"],"acf":[],"yoast_head":"<!-- This site is optimized with the Yoast SEO plugin v27.4 - https:\/\/yoast.com\/product\/yoast-seo-wordpress\/ -->\n<title>Madrid Convention Bureau - Madrid Convention Bureau<\/title>\n<meta name=\"robots\" content=\"index, follow, max-snippet:-1, max-image-preview:large, max-video-preview:-1\" \/>\n<link rel=\"canonical\" href=\"https:\/\/www.esmadrid.com\/mcb\/\" \/>\n<meta property=\"og:locale\" content=\"es_ES\" \/>\n<meta property=\"og:type\" content=\"article\" \/>\n<meta property=\"og:title\" content=\"Madrid Convention Bureau - Madrid Convention Bureau\" \/>\n<meta property=\"og:url\" content=\"https:\/\/www.esmadrid.com\/mcb\/\" \/>\n<meta property=\"og:site_name\" content=\"Madrid Convention Bureau\" \/>\n<meta property=\"article:modified_time\" content=\"2026-01-09T10:07:57+00:00\" \/>\n<meta name=\"twitter:card\" content=\"summary_large_image\" \/>\n<meta name=\"twitter:label1\" content=\"Tiempo de lectura\" \/>\n\t<meta name=\"twitter:data1\" content=\"4 minutos\" \/>\n<script type=\"application\/ld+json\" class=\"yoast-schema-graph\">{\"@context\":\"https:\\\/\\\/schema.org\",\"@graph\":[{\"@type\":\"WebPage\",\"@id\":\"https:\\\/\\\/www.esmadrid.com\\\/mcb\\\/\",\"url\":\"https:\\\/\\\/www.esmadrid.com\\\/mcb\\\/\",\"name\":\"Madrid Convention Bureau - Madrid Convention Bureau\",\"isPartOf\":{\"@id\":\"https:\\\/\\\/www.esmadrid.com\\\/mcb\\\/#website\"},\"datePublished\":\"2023-09-13T12:50:07+00:00\",\"dateModified\":\"2026-01-09T10:07:57+00:00\",\"breadcrumb\":{\"@id\":\"https:\\\/\\\/www.esmadrid.com\\\/mcb\\\/#breadcrumb\"},\"inLanguage\":\"es\",\"potentialAction\":[{\"@type\":\"ReadAction\",\"target\":[\"https:\\\/\\\/www.esmadrid.com\\\/mcb\\\/\"]}]},{\"@type\":\"BreadcrumbList\",\"@id\":\"https:\\\/\\\/www.esmadrid.com\\\/mcb\\\/#breadcrumb\",\"itemListElement\":[{\"@type\":\"ListItem\",\"position\":1,\"name\":\"Portada\",\"item\":\"https:\\\/\\\/www.esmadrid.com\\\/mcb\\\/\"},{\"@type\":\"ListItem\",\"position\":2,\"name\":\"Madrid Convention Bureau\"}]},{\"@type\":\"WebSite\",\"@id\":\"https:\\\/\\\/www.esmadrid.com\\\/mcb\\\/#website\",\"url\":\"https:\\\/\\\/www.esmadrid.com\\\/mcb\\\/\",\"name\":\"Madrid Convention Bureau\",\"description\":\"Madrid Convention Bureau cuenta con un Equipo de profesionales que le asesorar\u00e1 sobre los mejores espacios y proveedores de servicios del sector MICE\",\"potentialAction\":[{\"@type\":\"SearchAction\",\"target\":{\"@type\":\"EntryPoint\",\"urlTemplate\":\"https:\\\/\\\/www.esmadrid.com\\\/mcb\\\/?s={search_term_string}\"},\"query-input\":{\"@type\":\"PropertyValueSpecification\",\"valueRequired\":true,\"valueName\":\"search_term_string\"}}],\"inLanguage\":\"es\"}]}<\/script>\n<!-- \/ Yoast SEO plugin. -->","yoast_head_json":{"title":"Madrid Convention Bureau - Madrid Convention Bureau","robots":{"index":"index","follow":"follow","max-snippet":"max-snippet:-1","max-image-preview":"max-image-preview:large","max-video-preview":"max-video-preview:-1"},"canonical":"https:\/\/www.esmadrid.com\/mcb\/","og_locale":"es_ES","og_type":"article","og_title":"Madrid Convention Bureau - Madrid Convention Bureau","og_url":"https:\/\/www.esmadrid.com\/mcb\/","og_site_name":"Madrid Convention Bureau","article_modified_time":"2026-01-09T10:07:57+00:00","twitter_card":"summary_large_image","twitter_misc":{"Tiempo de lectura":"4 minutos"},"schema":{"@context":"https:\/\/schema.org","@graph":[{"@type":"WebPage","@id":"https:\/\/www.esmadrid.com\/mcb\/","url":"https:\/\/www.esmadrid.com\/mcb\/","name":"Madrid Convention Bureau - Madrid Convention Bureau","isPartOf":{"@id":"https:\/\/www.esmadrid.com\/mcb\/#website"},"datePublished":"2023-09-13T12:50:07+00:00","dateModified":"2026-01-09T10:07:57+00:00","breadcrumb":{"@id":"https:\/\/www.esmadrid.com\/mcb\/#breadcrumb"},"inLanguage":"es","potentialAction":[{"@type":"ReadAction","target":["https:\/\/www.esmadrid.com\/mcb\/"]}]},{"@type":"BreadcrumbList","@id":"https:\/\/www.esmadrid.com\/mcb\/#breadcrumb","itemListElement":[{"@type":"ListItem","position":1,"name":"Portada","item":"https:\/\/www.esmadrid.com\/mcb\/"},{"@type":"ListItem","position":2,"name":"Madrid Convention Bureau"}]},{"@type":"WebSite","@id":"https:\/\/www.esmadrid.com\/mcb\/#website","url":"https:\/\/www.esmadrid.com\/mcb\/","name":"Madrid Convention Bureau","description":"Madrid Convention Bureau cuenta con un Equipo de profesionales que le asesorar\u00e1 sobre los mejores espacios y proveedores de servicios del sector MICE","potentialAction":[{"@type":"SearchAction","target":{"@type":"EntryPoint","urlTemplate":"https:\/\/www.esmadrid.com\/mcb\/?s={search_term_string}"},"query-input":{"@type":"PropertyValueSpecification","valueRequired":true,"valueName":"search_term_string"}}],"inLanguage":"es"}]}},"_links":{"self":[{"href":"https:\/\/www.esmadrid.com\/mcb\/wp-json\/wp\/v2\/pages\/5663","targetHints":{"allow":["GET"]}}],"collection":[{"href":"https:\/\/www.esmadrid.com\/mcb\/wp-json\/wp\/v2\/pages"}],"about":[{"href":"https:\/\/www.esmadrid.com\/mcb\/wp-json\/wp\/v2\/types\/page"}],"author":[{"embeddable":true,"href":"https:\/\/www.esmadrid.com\/mcb\/wp-json\/wp\/v2\/users\/1"}],"replies":[{"embeddable":true,"href":"https:\/\/www.esmadrid.com\/mcb\/wp-json\/wp\/v2\/comments?post=5663"}],"version-history":[{"count":121,"href":"https:\/\/www.esmadrid.com\/mcb\/wp-json\/wp\/v2\/pages\/5663\/revisions"}],"predecessor-version":[{"id":8128,"href":"https:\/\/www.esmadrid.com\/mcb\/wp-json\/wp\/v2\/pages\/5663\/revisions\/8128"}],"wp:attachment":[{"href":"https:\/\/www.esmadrid.com\/mcb\/wp-json\/wp\/v2\/media?parent=5663"}],"curies":[{"name":"wp","href":"https:\/\/api.w.org\/{rel}","templated":true}]}}