{"id":5161,"date":"2021-04-29T15:55:17","date_gmt":"2021-04-29T15:55:17","guid":{"rendered":"https:\/\/www.esmadrid.com\/mcb\/?page_id=5161"},"modified":"2025-07-31T13:44:23","modified_gmt":"2025-07-31T13:44:23","slug":"estadisticas","status":"publish","type":"page","link":"https:\/\/www.esmadrid.com\/mcb\/documentos-informes\/estadisticas\/","title":{"rendered":"Estad\u00edsticas Turismo"},"content":{"rendered":"\n<p>La ciudad de Madrid recibi\u00f3 11,2 millones de visitantes en 2024, que generaron 23,3 millones de pernoctaciones. Sus principales mercados internacionales emisores fueron EE.UU., Italia, Francia, Reino Unido y M\u00e9xico. El gasto total internacional ascendi\u00f3 a m\u00e1s de 16.000 millones de euros, lo que supone un incremento del 21% respecto a 2023.<\/p>\n\n\n\n<p>* Cifra total de visitantes y pernoctaciones que incluye apartamentos tur\u00edsticos reglados (INE).<\/p>\n\n\n\n<h2 class=\"wp-block-heading\">Evoluci\u00f3n del turismo en Madrid<\/h2>\n\n\n\n<div style=\"height:20px\" aria-hidden=\"true\" class=\"wp-block-spacer\"><\/div>\n\n\n\r\n<section class=\"bloque-documento-enlace row \">\r\n  <div class=\"col-6 col-md-3 mb-4\">\r\n    <a href=\" https:\/\/public.tableau.com\/app\/profile\/cit.madrid.destino\/viz\/InformeTursticoMensual\/Portada\">    <img decoding=\"async\" class=\"col-12 bl-imagen  conborde\" src=\"https:\/\/www.esmadrid.com\/mcb\/wp-content\/uploads\/2023\/10\/vademecum-300x185.png\" alt=\"\" >\r\n    <\/a>\r\n  <\/div>\r\n\r\n            \r\n  <div class=\"col-12 col-md-9 align-self-center\">\r\n    <h2>\r\n      <a href=\" https:\/\/public.tableau.com\/app\/profile\/cit.madrid.destino\/viz\/InformeTursticoMensual\/Portada\">      Informe Tur\u00edstico Mensual<\/h2>\r\n      <\/a>    <p>En este informe encontrar\u00e1s los principales indicadores tur\u00edsticos de Madrid, con periodicidad mensual: viajeros, pernoctaciones, estancia media, gasto, etc.<\/p>\r\n                  <a  class=\"ico-circular enlace-externo  \" href=\" https:\/\/public.tableau.com\/app\/profile\/cit.madrid.destino\/viz\/InformeTursticoMensual\/Portada\">\r\n          <img decoding=\"async\" src=\"https:\/\/www.esmadrid.com\/mcb\/wp-content\/themes\/mcb24\/img\/flecha2.svg\" alt=\"Go to link\">\r\n        <\/a>\r\n            \r\n      <\/div>  \r\n<\/section>\r\n\n\n\r\n<section class=\"bloque-documento-enlace row \">\r\n  <div class=\"col-6 col-md-3 mb-4\">\r\n    <a href=\"https:\/\/public.tableau.com\/app\/profile\/cit.madrid.destino\/viz\/PerfilVisitanteMadrid_16819165089930\/EmisoresInternacionales\">    <img decoding=\"async\" class=\"col-12 bl-imagen  conborde\" src=\"https:\/\/www.esmadrid.com\/mcb\/wp-content\/uploads\/2023\/10\/Visitantes-300x185.png\" alt=\"\" >\r\n    <\/a>\r\n  <\/div>\r\n\r\n            \r\n  <div class=\"col-12 col-md-9 align-self-center\">\r\n    <h2>\r\n      <a href=\"https:\/\/public.tableau.com\/app\/profile\/cit.madrid.destino\/viz\/PerfilVisitanteMadrid_16819165089930\/EmisoresInternacionales\">      Perfil visitante internacional<\/h2>\r\n      <\/a>    <p>En este informe encontrar\u00e1s los principales indicadores anuales de viajeros a Madrid por pa\u00edses o CC.AA.: viajeros, pernoctaciones, gasto, estancia media, categor\u00edas de hotel, etc.<\/p>\r\n                  <a  class=\"ico-circular enlace-externo  \" href=\"https:\/\/public.tableau.com\/app\/profile\/cit.madrid.destino\/viz\/PerfilVisitanteMadrid_16819165089930\/EmisoresInternacionales\">\r\n          <img decoding=\"async\" src=\"https:\/\/www.esmadrid.com\/mcb\/wp-content\/themes\/mcb24\/img\/flecha2.svg\" alt=\"Go to link\">\r\n        <\/a>\r\n            \r\n      <\/div>  \r\n<\/section>\r\n\n\n\r\n<section class=\"bloque-documento-enlace row \">\r\n  <div class=\"col-6 col-md-3 mb-4\">\r\n    <a href=\"https:\/\/public.tableau.com\/app\/profile\/cit.madrid.destino\/viz\/INFRAESTRUCTURAHOTELERA_16819145168140\/INICIO\">    <img decoding=\"async\" class=\"col-12 bl-imagen  conborde\" src=\"https:\/\/www.esmadrid.com\/mcb\/wp-content\/uploads\/2023\/10\/infraestructura-hotelera-300x185.png\" alt=\"\" >\r\n    <\/a>\r\n  <\/div>\r\n\r\n            \r\n  <div class=\"col-12 col-md-9 align-self-center\">\r\n    <h2>\r\n      <a href=\"https:\/\/public.tableau.com\/app\/profile\/cit.madrid.destino\/viz\/INFRAESTRUCTURAHOTELERA_16819145168140\/INICIO\">      Infraestructura hotelera<\/h2>\r\n      <\/a>    <p>En este informe encontrar\u00e1s los principales indicadores hoteleros de Madrid (desde 1 hasta 5 estrellas) referentes a demanda, plazas y rentabilidad: tarifas, n\u00famero de empleados, habitaciones, viajeros, etc.<\/p>\r\n                  <a  class=\"ico-circular enlace-externo  \" href=\"https:\/\/public.tableau.com\/app\/profile\/cit.madrid.destino\/viz\/INFRAESTRUCTURAHOTELERA_16819145168140\/INICIO\">\r\n          <img decoding=\"async\" src=\"https:\/\/www.esmadrid.com\/mcb\/wp-content\/themes\/mcb24\/img\/flecha2.svg\" alt=\"Go to link\">\r\n        <\/a>\r\n            \r\n      <\/div>  \r\n<\/section>\r\n\n\n\r\n<section class=\"bloque-documento-enlace row \">\r\n  <div class=\"col-6 col-md-3 mb-4\">\r\n    <a href=\"https:\/\/public.tableau.com\/app\/profile\/cit.madrid.destino\/viz\/Conectividadarea\/Portada\">    <img decoding=\"async\" class=\"col-12 bl-imagen  conborde\" src=\"https:\/\/www.esmadrid.com\/mcb\/wp-content\/uploads\/2023\/10\/Conectividad-300x185.png\" alt=\"\" >\r\n    <\/a>\r\n  <\/div>\r\n\r\n            \r\n  <div class=\"col-12 col-md-9 align-self-center\">\r\n    <h2>\r\n      <a href=\"https:\/\/public.tableau.com\/app\/profile\/cit.madrid.destino\/viz\/Conectividadarea\/Portada\">      Conectividad<\/h2>\r\n      <\/a>    <p>En este informe encontrar\u00e1s las principales rutas a\u00e9reas (aerol\u00edneas y destinos) de Madrid, tanto a nivel nacional, como europeo e internacional.<\/p>\r\n                  <a  class=\"ico-circular enlace-externo  \" href=\"https:\/\/public.tableau.com\/app\/profile\/cit.madrid.destino\/viz\/Conectividadarea\/Portada\">\r\n          <img decoding=\"async\" src=\"https:\/\/www.esmadrid.com\/mcb\/wp-content\/themes\/mcb24\/img\/flecha2.svg\" alt=\"Go to link\">\r\n        <\/a>\r\n            \r\n      <\/div>  \r\n<\/section>\r\n\n\n\n<p><\/p>\n\n\n\n<p>&nbsp;<\/p>\n","protected":false},"excerpt":{"rendered":"<p>La ciudad de Madrid recibi\u00f3 11,2 millones de visitantes en 2024, que generaron 23,3 millones de pernoctaciones. Sus principales mercados internacionales emisores fueron EE.UU., Italia, Francia, Reino Unido y M\u00e9xico. El gasto total internacional ascendi\u00f3 a m\u00e1s de 16.000 millones de euros, lo que supone un incremento del 21% respecto a 2023. * Cifra total [&hellip;]<\/p>\n","protected":false},"author":1,"featured_media":0,"parent":5934,"menu_order":0,"comment_status":"closed","ping_status":"closed","template":"","meta":{"_acf_changed":false,"footnotes":""},"class_list":["post-5161","page","type-page","status-publish","hentry"],"acf":[],"yoast_head":"<!-- This site is optimized with the Yoast SEO plugin v27.3 - https:\/\/yoast.com\/product\/yoast-seo-wordpress\/ -->\n<title>Estad\u00edsticas Turismo - Madrid Convention Bureau<\/title>\n<meta name=\"robots\" content=\"index, follow, max-snippet:-1, max-image-preview:large, max-video-preview:-1\" \/>\n<link rel=\"canonical\" href=\"https:\/\/www.esmadrid.com\/mcb\/documentos-informes\/estadisticas\/\" \/>\n<meta property=\"og:locale\" content=\"es_ES\" \/>\n<meta property=\"og:type\" content=\"article\" \/>\n<meta property=\"og:title\" content=\"Estad\u00edsticas Turismo - Madrid Convention Bureau\" \/>\n<meta property=\"og:description\" content=\"La ciudad de Madrid recibi\u00f3 11,2 millones de visitantes en 2024, que generaron 23,3 millones de pernoctaciones. Sus principales mercados internacionales emisores fueron EE.UU., Italia, Francia, Reino Unido y M\u00e9xico. El gasto total internacional ascendi\u00f3 a m\u00e1s de 16.000 millones de euros, lo que supone un incremento del 21% respecto a 2023. * Cifra total [&hellip;]\" \/>\n<meta property=\"og:url\" content=\"https:\/\/www.esmadrid.com\/mcb\/documentos-informes\/estadisticas\/\" \/>\n<meta property=\"og:site_name\" content=\"Madrid Convention Bureau\" \/>\n<meta property=\"article:modified_time\" content=\"2025-07-31T13:44:23+00:00\" \/>\n<meta name=\"twitter:card\" content=\"summary_large_image\" \/>\n<meta name=\"twitter:label1\" content=\"Tiempo de lectura\" \/>\n\t<meta name=\"twitter:data1\" content=\"1 minuto\" \/>\n<script type=\"application\/ld+json\" class=\"yoast-schema-graph\">{\"@context\":\"https:\\\/\\\/schema.org\",\"@graph\":[{\"@type\":\"WebPage\",\"@id\":\"https:\\\/\\\/www.esmadrid.com\\\/mcb\\\/documentos-informes\\\/estadisticas\\\/\",\"url\":\"https:\\\/\\\/www.esmadrid.com\\\/mcb\\\/documentos-informes\\\/estadisticas\\\/\",\"name\":\"Estad\u00edsticas Turismo - Madrid Convention Bureau\",\"isPartOf\":{\"@id\":\"https:\\\/\\\/www.esmadrid.com\\\/mcb\\\/#website\"},\"datePublished\":\"2021-04-29T15:55:17+00:00\",\"dateModified\":\"2025-07-31T13:44:23+00:00\",\"breadcrumb\":{\"@id\":\"https:\\\/\\\/www.esmadrid.com\\\/mcb\\\/documentos-informes\\\/estadisticas\\\/#breadcrumb\"},\"inLanguage\":\"es\",\"potentialAction\":[{\"@type\":\"ReadAction\",\"target\":[\"https:\\\/\\\/www.esmadrid.com\\\/mcb\\\/documentos-informes\\\/estadisticas\\\/\"]}]},{\"@type\":\"BreadcrumbList\",\"@id\":\"https:\\\/\\\/www.esmadrid.com\\\/mcb\\\/documentos-informes\\\/estadisticas\\\/#breadcrumb\",\"itemListElement\":[{\"@type\":\"ListItem\",\"position\":1,\"name\":\"Portada\",\"item\":\"https:\\\/\\\/www.esmadrid.com\\\/mcb\\\/\"},{\"@type\":\"ListItem\",\"position\":2,\"name\":\"Documentos &amp; Informes\",\"item\":\"https:\\\/\\\/www.esmadrid.com\\\/mcb\\\/documentos-informes\\\/\"},{\"@type\":\"ListItem\",\"position\":3,\"name\":\"Estad\u00edsticas Turismo\"}]},{\"@type\":\"WebSite\",\"@id\":\"https:\\\/\\\/www.esmadrid.com\\\/mcb\\\/#website\",\"url\":\"https:\\\/\\\/www.esmadrid.com\\\/mcb\\\/\",\"name\":\"Madrid Convention Bureau\",\"description\":\"Madrid Convention Bureau cuenta con un Equipo de profesionales que le asesorar\u00e1 sobre los mejores espacios y proveedores de servicios del sector MICE\",\"potentialAction\":[{\"@type\":\"SearchAction\",\"target\":{\"@type\":\"EntryPoint\",\"urlTemplate\":\"https:\\\/\\\/www.esmadrid.com\\\/mcb\\\/?s={search_term_string}\"},\"query-input\":{\"@type\":\"PropertyValueSpecification\",\"valueRequired\":true,\"valueName\":\"search_term_string\"}}],\"inLanguage\":\"es\"}]}<\/script>\n<!-- \/ Yoast SEO plugin. -->","yoast_head_json":{"title":"Estad\u00edsticas Turismo - Madrid Convention Bureau","robots":{"index":"index","follow":"follow","max-snippet":"max-snippet:-1","max-image-preview":"max-image-preview:large","max-video-preview":"max-video-preview:-1"},"canonical":"https:\/\/www.esmadrid.com\/mcb\/documentos-informes\/estadisticas\/","og_locale":"es_ES","og_type":"article","og_title":"Estad\u00edsticas Turismo - Madrid Convention Bureau","og_description":"La ciudad de Madrid recibi\u00f3 11,2 millones de visitantes en 2024, que generaron 23,3 millones de pernoctaciones. Sus principales mercados internacionales emisores fueron EE.UU., Italia, Francia, Reino Unido y M\u00e9xico. El gasto total internacional ascendi\u00f3 a m\u00e1s de 16.000 millones de euros, lo que supone un incremento del 21% respecto a 2023. * Cifra total [&hellip;]","og_url":"https:\/\/www.esmadrid.com\/mcb\/documentos-informes\/estadisticas\/","og_site_name":"Madrid Convention Bureau","article_modified_time":"2025-07-31T13:44:23+00:00","twitter_card":"summary_large_image","twitter_misc":{"Tiempo de lectura":"1 minuto"},"schema":{"@context":"https:\/\/schema.org","@graph":[{"@type":"WebPage","@id":"https:\/\/www.esmadrid.com\/mcb\/documentos-informes\/estadisticas\/","url":"https:\/\/www.esmadrid.com\/mcb\/documentos-informes\/estadisticas\/","name":"Estad\u00edsticas Turismo - Madrid Convention Bureau","isPartOf":{"@id":"https:\/\/www.esmadrid.com\/mcb\/#website"},"datePublished":"2021-04-29T15:55:17+00:00","dateModified":"2025-07-31T13:44:23+00:00","breadcrumb":{"@id":"https:\/\/www.esmadrid.com\/mcb\/documentos-informes\/estadisticas\/#breadcrumb"},"inLanguage":"es","potentialAction":[{"@type":"ReadAction","target":["https:\/\/www.esmadrid.com\/mcb\/documentos-informes\/estadisticas\/"]}]},{"@type":"BreadcrumbList","@id":"https:\/\/www.esmadrid.com\/mcb\/documentos-informes\/estadisticas\/#breadcrumb","itemListElement":[{"@type":"ListItem","position":1,"name":"Portada","item":"https:\/\/www.esmadrid.com\/mcb\/"},{"@type":"ListItem","position":2,"name":"Documentos &amp; Informes","item":"https:\/\/www.esmadrid.com\/mcb\/documentos-informes\/"},{"@type":"ListItem","position":3,"name":"Estad\u00edsticas Turismo"}]},{"@type":"WebSite","@id":"https:\/\/www.esmadrid.com\/mcb\/#website","url":"https:\/\/www.esmadrid.com\/mcb\/","name":"Madrid Convention Bureau","description":"Madrid Convention Bureau cuenta con un Equipo de profesionales que le asesorar\u00e1 sobre los mejores espacios y proveedores de servicios del sector MICE","potentialAction":[{"@type":"SearchAction","target":{"@type":"EntryPoint","urlTemplate":"https:\/\/www.esmadrid.com\/mcb\/?s={search_term_string}"},"query-input":{"@type":"PropertyValueSpecification","valueRequired":true,"valueName":"search_term_string"}}],"inLanguage":"es"}]}},"_links":{"self":[{"href":"https:\/\/www.esmadrid.com\/mcb\/wp-json\/wp\/v2\/pages\/5161","targetHints":{"allow":["GET"]}}],"collection":[{"href":"https:\/\/www.esmadrid.com\/mcb\/wp-json\/wp\/v2\/pages"}],"about":[{"href":"https:\/\/www.esmadrid.com\/mcb\/wp-json\/wp\/v2\/types\/page"}],"author":[{"embeddable":true,"href":"https:\/\/www.esmadrid.com\/mcb\/wp-json\/wp\/v2\/users\/1"}],"replies":[{"embeddable":true,"href":"https:\/\/www.esmadrid.com\/mcb\/wp-json\/wp\/v2\/comments?post=5161"}],"version-history":[{"count":58,"href":"https:\/\/www.esmadrid.com\/mcb\/wp-json\/wp\/v2\/pages\/5161\/revisions"}],"predecessor-version":[{"id":7883,"href":"https:\/\/www.esmadrid.com\/mcb\/wp-json\/wp\/v2\/pages\/5161\/revisions\/7883"}],"up":[{"embeddable":true,"href":"https:\/\/www.esmadrid.com\/mcb\/wp-json\/wp\/v2\/pages\/5934"}],"wp:attachment":[{"href":"https:\/\/www.esmadrid.com\/mcb\/wp-json\/wp\/v2\/media?parent=5161"}],"curies":[{"name":"wp","href":"https:\/\/api.w.org\/{rel}","templated":true}]}}