{"id":30,"date":"2014-11-18T14:43:35","date_gmt":"2014-11-18T14:43:35","guid":{"rendered":"http:\/\/www.esmadrid.com\/mcb\/?page_id=30"},"modified":"2025-09-23T17:47:19","modified_gmt":"2025-09-23T17:47:19","slug":"contacto","status":"publish","type":"page","link":"https:\/\/www.esmadrid.com\/mcb\/contacto\/","title":{"rendered":"Contacto"},"content":{"rendered":"  \n<section class=\"bloque-banner-pagina container\">\n  <div class=\" row justify-content-center\">              \n      <div class=\"col-12 col-lg-6\"  >        \n        <img decoding=\"async\" class=\"col-12 basic-img-big\" src=\"https:\/\/www.esmadrid.com\/mcb\/wp-content\/uploads\/2020\/03\/equipo-e1697471362395.jpg\" alt=\"\">\n      <\/div>\n      <div class=\"col-12 col-lg-4 bl-content animation fadeTop\">        \n        <div class=\"acf-innerblocks-container\">\n\n<p><strong>Madrid Convention Bureau <\/strong><br>Madrid Destino <br>Plaza Mayor 27, 4\u00aa planta<br>28012 Madrid, Spain<\/p>\n\n\n\n<p><a href=\"tel:(+34) 91 578 77 96\">(+34) 91 578 77 96 <\/a><a href=\"mailto:info.mcb@esmadrid.com\">info.mcb@esmadrid.com<\/a><\/p>\n\n\n\n<p><\/p>\n\n<\/div>\n       \n      <\/div>\n  <\/div>\n<\/section>\n\n\n\n    <section class=\"container bloque-txt-titulo \" >\n    <div class=\"row\"> \n        <div class=\"col-12 col-md-6 col-lg-4  mb-3 md-md-0 animation fadeRight\">\n            <h3 class=\"bl-titulo  \">DUDAS O CONSULTAS<\/h3>\n        <\/div>\n        <div class=\"col-12 col-md-6 col-lg-8 bl-texto\">\n             \n            <div class=\"acf-innerblocks-container\">\n\n<div class=\"wpcf7 no-js\" id=\"wpcf7-f277-o1\" lang=\"es-ES\" dir=\"ltr\" data-wpcf7-id=\"277\">\n<div class=\"screen-reader-response\"><p role=\"status\" aria-live=\"polite\" aria-atomic=\"true\"><\/p> <ul><\/ul><\/div>\n<form action=\"\/mcb\/wp-json\/wp\/v2\/pages\/30#wpcf7-f277-o1\" method=\"post\" class=\"wpcf7-form init\" aria-label=\"Formulario de contacto\" novalidate=\"novalidate\" data-status=\"init\">\n<fieldset class=\"hidden-fields-container\"><input type=\"hidden\" name=\"_wpcf7\" value=\"277\" \/><input type=\"hidden\" name=\"_wpcf7_version\" value=\"6.1.5\" \/><input type=\"hidden\" name=\"_wpcf7_locale\" value=\"es_ES\" \/><input type=\"hidden\" name=\"_wpcf7_unit_tag\" value=\"wpcf7-f277-o1\" \/><input type=\"hidden\" name=\"_wpcf7_container_post\" value=\"0\" \/><input type=\"hidden\" name=\"_wpcf7_posted_data_hash\" value=\"\" \/>\n<\/fieldset>\n<div class=\"row\">\n\t<div class=\"col-12 col-md-6\">\n\t\t<p><span class=\"wpcf7-form-control-wrap\" data-name=\"your-name\"><input size=\"40\" maxlength=\"400\" class=\"wpcf7-form-control wpcf7-text wpcf7-validates-as-required\" id=\"your-name\" aria-required=\"true\" aria-invalid=\"false\" placeholder=\"Nombre y apellidos\" value=\"\" type=\"text\" name=\"your-name\" \/><\/span>\n\t\t<\/p>\n\t<\/div>\n\t<div class=\"col-12 col-md-6\">\n\t\t<p><span class=\"wpcf7-form-control-wrap\" data-name=\"company\"><input size=\"40\" maxlength=\"400\" class=\"wpcf7-form-control wpcf7-text\" id=\"company\" aria-invalid=\"false\" placeholder=\"Entidad\" value=\"\" type=\"text\" name=\"company\" \/><\/span>\n\t\t<\/p>\n\t<\/div>\n<\/div>\n<div class=\"row\">\n\t<div class=\"col-12 col-md-6\">\n\t\t<p><span class=\"wpcf7-form-control-wrap\" data-name=\"subject\"><input size=\"40\" maxlength=\"400\" class=\"wpcf7-form-control wpcf7-text\" id=\"subject\" aria-invalid=\"false\" placeholder=\"Asunto\" value=\"\" type=\"text\" name=\"subject\" \/><\/span>\n\t\t<\/p>\n\t<\/div>\n\t<div class=\"col-12 col-md-6\">\n\t\t<p><span class=\"wpcf7-form-control-wrap\" data-name=\"your-email\"><input size=\"40\" maxlength=\"400\" class=\"wpcf7-form-control wpcf7-email wpcf7-validates-as-required wpcf7-text wpcf7-validates-as-email\" id=\"your-email\" aria-required=\"true\" aria-invalid=\"false\" placeholder=\"Direcci\u00f3n de E-mail\" value=\"\" type=\"email\" name=\"your-email\" \/><\/span>\n\t\t<\/p>\n\t<\/div>\n<\/div>\n<div class=\"row\">\n\t<div class=\"col-12 col-md-12\">\n\t\t<p><span class=\"wpcf7-form-control-wrap\" data-name=\"your-message\"><textarea cols=\"40\" rows=\"10\" maxlength=\"2000\" class=\"wpcf7-form-control wpcf7-textarea\" id=\"your-message\" aria-invalid=\"false\" placeholder=\"Descripci\u00f3n de la consulta\" name=\"your-message\"><\/textarea><\/span>\n\t\t<\/p>\n\t<\/div>\n<\/div>\n<div class=\"row\">\n\t<div class=\"col-12 col-md-12\">\n\t\t<p><div id=\"cf7sr-69e035a559087\" class=\"cf7sr-g-recaptcha\" data-theme=\"light\" data-type=\"image\" data-size=\"normal\" data-sitekey=\"6LfSfLMqAAAAACrBOBF1RloMxxugHpZ0uD-Peyyy\"><\/div><span class=\"wpcf7-form-control-wrap cf7sr-recaptcha\" data-name=\"cf7sr-recaptcha\"><input type=\"hidden\" name=\"cf7sr-recaptcha\" value=\"\" class=\"wpcf7-form-control\"><\/span>\n\t\t<\/p>\n\t\t<p><span class=\"wpcf7-form-control-wrap\" data-name=\"acceptance-377\"><span class=\"wpcf7-form-control wpcf7-acceptance\"><span class=\"wpcf7-list-item\"><label><input type=\"checkbox\" name=\"acceptance-377\" value=\"1\" aria-invalid=\"false\" \/><span class=\"wpcf7-list-item-label\">He le\u00eddo y acepto la Pol\u00edtica de privacidad<\/span><\/label><\/span><\/span><\/span> (<a href=\"https:\/\/www.esmadrid.com\/mcb\/politica-de-privacidad\/\" target=\"blank\">ver m\u00e1s<\/a>)\n\t\t<\/p>\n\t\t<p><input class=\"wpcf7-form-control wpcf7-submit has-spinner\" type=\"submit\" value=\"Enviar\" \/>\n\t\t<\/p>\n\t<\/div>\n<\/div><div class=\"wpcf7-response-output\" aria-hidden=\"true\"><\/div>\n<\/form>\n<\/div>\n\n\n\n\n<p>MADRID DESTINO CULTURA TURISMO Y NEGOCIO (en adelante, MADRID DESTINO), con CIF n\u00famero A-84073105 y domicilio social en Madrid, C\/Conde Duque 9-11, C.P. 28015, conforme a la legislaci\u00f3n vigente en materia de protecci\u00f3n de datos de car\u00e1cter personal, informa a los interesados que los datos facilitados ser\u00e1n incluidos en un fichero de datos de car\u00e1cter personal con la siguiente informaci\u00f3n:<\/p>\n\n\n\n<p><strong>Responsable del Fichero:<\/strong>&nbsp;MADRID DESTINO CULTURA TURISMO Y NEGOCIO, S.A., con domicilio en Madrid, calle Conde Duque, 9-11, 28015 Madrid.<\/p>\n\n\n\n<p><strong>Datos de contacto<\/strong>:&nbsp;T (+34) &nbsp;91 578 77 96, e-mail:&nbsp;<a href=\"mailto:info.mcb@esmadrid.com\" target=\"_blank\" rel=\"noreferrer noopener\">info.mcb@esmadrid.com<\/a><\/p>\n\n\n\n<p><strong>Delegado de protecci\u00f3n de datos<\/strong>:&nbsp;<a href=\"mailto:dpd@madrid-destino.com\" target=\"_blank\" rel=\"noreferrer noopener\">dpd@madrid-destino.com<\/a><\/p>\n\n\n\n<p><strong>Finalidad:&nbsp;<\/strong>Respuesta de la consulta o petici\u00f3n de informaci\u00f3n solicitada<\/p>\n\n\n\n<p><strong>Destinatarios:<\/strong>&nbsp;No se ceder\u00e1n datos a terceros, salvo obligaci\u00f3n legal<\/p>\n\n\n\n<p><strong>Plazo de conservaci\u00f3n:&nbsp;<\/strong>Se limitar\u00e1 al periodo que sea necesario para dar cumplimiento a la finalidad consentida, salvo en caso de solicitud de supresi\u00f3n, en cuyo caso ser\u00e1n conservados hasta dicho momento<\/p>\n\n\n\n<p><strong>Legitimaci\u00f3n:&nbsp;<\/strong>Consentimiento del interesado<\/p>\n\n\n\n<p><strong>Derechos:<\/strong>&nbsp;El ejercicio de derechos de acceso, rectificaci\u00f3n, supresi\u00f3n, portabilidad y limitaci\u00f3n u oposici\u00f3n&nbsp;a no ser objeto de decisiones basadas \u00fanicamente en el tratamiento automatizado de sus datos, cuando procedan,&nbsp;puede solicitarse mediante e-mail dirigido a <a href=\"mailto:dpd@madrid-destino.com\" target=\"_blank\" rel=\"noreferrer noopener\">dpd@madrid-destino.com<\/a>, con referencia a&nbsp;<a href=\"https:\/\/esmadrid.com\/mcb\" target=\"_blank\" rel=\"noreferrer noopener\">esmadrid.com\/mcb<\/a>, con indicaci\u00f3n de direcci\u00f3n a efectos de notificaciones e identificaci\u00f3n de la persona solicitante mediante documento oficial.<\/p>\n\n<\/div>\n        <\/div>\n    <\/div>\n<\/section>\n\n\n\n    <section class=\"container bloque-txt-titulo \" >\n    <div class=\"row\"> \n        <div class=\"col-12 col-md-6 col-lg-4  mb-3 md-md-0 animation fadeRight\">\n            <h3 class=\"bl-titulo  \">\u00bfPREFIERE HABLAR EN PERSONA?<\/h3>\n        <\/div>\n        <div class=\"col-12 col-md-6 col-lg-8 bl-texto\">\n             \n            <div class=\"acf-innerblocks-container\">\n\n<div class=\"wp-block-columns is-layout-flex wp-container-core-columns-is-layout-9d6595d7 wp-block-columns-is-layout-flex\">\n<div class=\"wp-block-column is-layout-flow wp-block-column-is-layout-flow\">\n<div class=\"wp-block-group\"><div class=\"wp-block-group__inner-container is-layout-constrained wp-block-group-is-layout-constrained\">\n<h3 class=\"wp-block-heading\">Ponte en contacto con nuestro equipo de profesionales<\/h3>\n\n\n\n<p>Garantizamos el perfecto desarrollo de cualquier evento en Madrid<\/p>\n\n\n\n<div class=\"wp-block-buttons is-layout-flex wp-block-buttons-is-layout-flex\">\n<div class=\"wp-block-button\"><a class=\"wp-block-button__link wp-element-button\" href=\"https:\/\/www.esmadrid.com\/mcb\/contacto\/equipo-mcb\/\">Equipo MCB<\/a><\/div>\n<\/div>\n<\/div><\/div>\n<\/div>\n\n\n\n<div class=\"wp-block-column is-layout-flow wp-block-column-is-layout-flow\">\n<div class=\"wp-block-group\"><div class=\"wp-block-group__inner-container is-layout-constrained wp-block-group-is-layout-constrained\">\n<h3 class=\"wp-block-heading\">Encu\u00e9ntranos en ferias y eventos nacionales e internacionales<\/h3>\n\n\n\n<p>Consulta las pr\u00f3ximas fechas en que estaremos presentes en ferias o eventos<\/p>\n\n\n\n<div class=\"wp-block-buttons is-layout-flex wp-block-buttons-is-layout-flex\">\n<div class=\"wp-block-button\"><a class=\"wp-block-button__link wp-element-button\" href=\"https:\/\/www.esmadrid.com\/mcb\/donde-encontrarnos\/\">Calendario encuentros<\/a><\/div>\n<\/div>\n<\/div><\/div>\n<\/div>\n<\/div>\n\n<\/div>\n        <\/div>\n    <\/div>\n<\/section>\n","protected":false},"excerpt":{"rendered":"","protected":false},"author":1,"featured_media":0,"parent":0,"menu_order":40,"comment_status":"closed","ping_status":"closed","template":"page-full.php","meta":{"_acf_changed":false,"footnotes":""},"class_list":["post-30","page","type-page","status-publish","hentry"],"acf":[],"yoast_head":"<!-- This site is optimized with the Yoast SEO plugin v27.4 - https:\/\/yoast.com\/product\/yoast-seo-wordpress\/ -->\n<title>Contacto - Madrid Convention Bureau<\/title>\n<meta name=\"description\" content=\"Contacta con nosotros - Equipo MCB\" \/>\n<meta name=\"robots\" content=\"index, follow, max-snippet:-1, max-image-preview:large, max-video-preview:-1\" \/>\n<link rel=\"canonical\" href=\"https:\/\/www.esmadrid.com\/mcb\/contacto\/\" \/>\n<meta property=\"og:locale\" content=\"es_ES\" \/>\n<meta property=\"og:type\" content=\"article\" \/>\n<meta property=\"og:title\" content=\"Contacto - Madrid Convention Bureau\" \/>\n<meta property=\"og:description\" content=\"Contacta con nosotros - Equipo MCB\" \/>\n<meta property=\"og:url\" content=\"https:\/\/www.esmadrid.com\/mcb\/contacto\/\" \/>\n<meta property=\"og:site_name\" content=\"Madrid Convention Bureau\" \/>\n<meta property=\"article:modified_time\" content=\"2025-09-23T17:47:19+00:00\" \/>\n<meta name=\"twitter:card\" content=\"summary_large_image\" \/>\n<meta name=\"twitter:label1\" content=\"Tiempo de lectura\" \/>\n\t<meta name=\"twitter:data1\" content=\"1 minuto\" \/>\n<script type=\"application\/ld+json\" class=\"yoast-schema-graph\">{\"@context\":\"https:\\\/\\\/schema.org\",\"@graph\":[{\"@type\":\"WebPage\",\"@id\":\"https:\\\/\\\/www.esmadrid.com\\\/mcb\\\/contacto\\\/\",\"url\":\"https:\\\/\\\/www.esmadrid.com\\\/mcb\\\/contacto\\\/\",\"name\":\"Contacto - Madrid Convention Bureau\",\"isPartOf\":{\"@id\":\"https:\\\/\\\/www.esmadrid.com\\\/mcb\\\/#website\"},\"datePublished\":\"2014-11-18T14:43:35+00:00\",\"dateModified\":\"2025-09-23T17:47:19+00:00\",\"description\":\"Contacta con nosotros - Equipo MCB\",\"breadcrumb\":{\"@id\":\"https:\\\/\\\/www.esmadrid.com\\\/mcb\\\/contacto\\\/#breadcrumb\"},\"inLanguage\":\"es\",\"potentialAction\":[{\"@type\":\"ReadAction\",\"target\":[\"https:\\\/\\\/www.esmadrid.com\\\/mcb\\\/contacto\\\/\"]}]},{\"@type\":\"BreadcrumbList\",\"@id\":\"https:\\\/\\\/www.esmadrid.com\\\/mcb\\\/contacto\\\/#breadcrumb\",\"itemListElement\":[{\"@type\":\"ListItem\",\"position\":1,\"name\":\"Portada\",\"item\":\"https:\\\/\\\/www.esmadrid.com\\\/mcb\\\/\"},{\"@type\":\"ListItem\",\"position\":2,\"name\":\"Contacto\"}]},{\"@type\":\"WebSite\",\"@id\":\"https:\\\/\\\/www.esmadrid.com\\\/mcb\\\/#website\",\"url\":\"https:\\\/\\\/www.esmadrid.com\\\/mcb\\\/\",\"name\":\"Madrid Convention Bureau\",\"description\":\"Madrid Convention Bureau cuenta con un Equipo de profesionales que le asesorar\u00e1 sobre los mejores espacios y proveedores de servicios del sector MICE\",\"potentialAction\":[{\"@type\":\"SearchAction\",\"target\":{\"@type\":\"EntryPoint\",\"urlTemplate\":\"https:\\\/\\\/www.esmadrid.com\\\/mcb\\\/?s={search_term_string}\"},\"query-input\":{\"@type\":\"PropertyValueSpecification\",\"valueRequired\":true,\"valueName\":\"search_term_string\"}}],\"inLanguage\":\"es\"}]}<\/script>\n<!-- \/ Yoast SEO plugin. -->","yoast_head_json":{"title":"Contacto - Madrid Convention Bureau","description":"Contacta con nosotros - Equipo MCB","robots":{"index":"index","follow":"follow","max-snippet":"max-snippet:-1","max-image-preview":"max-image-preview:large","max-video-preview":"max-video-preview:-1"},"canonical":"https:\/\/www.esmadrid.com\/mcb\/contacto\/","og_locale":"es_ES","og_type":"article","og_title":"Contacto - Madrid Convention Bureau","og_description":"Contacta con nosotros - Equipo MCB","og_url":"https:\/\/www.esmadrid.com\/mcb\/contacto\/","og_site_name":"Madrid Convention Bureau","article_modified_time":"2025-09-23T17:47:19+00:00","twitter_card":"summary_large_image","twitter_misc":{"Tiempo de lectura":"1 minuto"},"schema":{"@context":"https:\/\/schema.org","@graph":[{"@type":"WebPage","@id":"https:\/\/www.esmadrid.com\/mcb\/contacto\/","url":"https:\/\/www.esmadrid.com\/mcb\/contacto\/","name":"Contacto - Madrid Convention Bureau","isPartOf":{"@id":"https:\/\/www.esmadrid.com\/mcb\/#website"},"datePublished":"2014-11-18T14:43:35+00:00","dateModified":"2025-09-23T17:47:19+00:00","description":"Contacta con nosotros - Equipo MCB","breadcrumb":{"@id":"https:\/\/www.esmadrid.com\/mcb\/contacto\/#breadcrumb"},"inLanguage":"es","potentialAction":[{"@type":"ReadAction","target":["https:\/\/www.esmadrid.com\/mcb\/contacto\/"]}]},{"@type":"BreadcrumbList","@id":"https:\/\/www.esmadrid.com\/mcb\/contacto\/#breadcrumb","itemListElement":[{"@type":"ListItem","position":1,"name":"Portada","item":"https:\/\/www.esmadrid.com\/mcb\/"},{"@type":"ListItem","position":2,"name":"Contacto"}]},{"@type":"WebSite","@id":"https:\/\/www.esmadrid.com\/mcb\/#website","url":"https:\/\/www.esmadrid.com\/mcb\/","name":"Madrid Convention Bureau","description":"Madrid Convention Bureau cuenta con un Equipo de profesionales que le asesorar\u00e1 sobre los mejores espacios y proveedores de servicios del sector MICE","potentialAction":[{"@type":"SearchAction","target":{"@type":"EntryPoint","urlTemplate":"https:\/\/www.esmadrid.com\/mcb\/?s={search_term_string}"},"query-input":{"@type":"PropertyValueSpecification","valueRequired":true,"valueName":"search_term_string"}}],"inLanguage":"es"}]}},"_links":{"self":[{"href":"https:\/\/www.esmadrid.com\/mcb\/wp-json\/wp\/v2\/pages\/30","targetHints":{"allow":["GET"]}}],"collection":[{"href":"https:\/\/www.esmadrid.com\/mcb\/wp-json\/wp\/v2\/pages"}],"about":[{"href":"https:\/\/www.esmadrid.com\/mcb\/wp-json\/wp\/v2\/types\/page"}],"author":[{"embeddable":true,"href":"https:\/\/www.esmadrid.com\/mcb\/wp-json\/wp\/v2\/users\/1"}],"replies":[{"embeddable":true,"href":"https:\/\/www.esmadrid.com\/mcb\/wp-json\/wp\/v2\/comments?post=30"}],"version-history":[{"count":94,"href":"https:\/\/www.esmadrid.com\/mcb\/wp-json\/wp\/v2\/pages\/30\/revisions"}],"predecessor-version":[{"id":7952,"href":"https:\/\/www.esmadrid.com\/mcb\/wp-json\/wp\/v2\/pages\/30\/revisions\/7952"}],"wp:attachment":[{"href":"https:\/\/www.esmadrid.com\/mcb\/wp-json\/wp\/v2\/media?parent=30"}],"curies":[{"name":"wp","href":"https:\/\/api.w.org\/{rel}","templated":true}]}}