{"id":107,"date":"2014-12-17T16:59:36","date_gmt":"2014-12-17T16:59:36","guid":{"rendered":"http:\/\/www.esmadrid.com\/mcb\/?page_id=107"},"modified":"2025-09-23T17:44:58","modified_gmt":"2025-09-23T17:44:58","slug":"solicitar-informacion","status":"publish","type":"page","link":"https:\/\/www.esmadrid.com\/mcb\/organiza-tu-evento\/solicitar-informacion\/","title":{"rendered":"Solicitar informaci\u00f3n"},"content":{"rendered":"\n<div style=\"height:45px\" aria-hidden=\"true\" class=\"wp-block-spacer\"><\/div>\n\n\n\n<div class=\"wp-block-contact-form-7-contact-form-selector\">\n<div class=\"wpcf7 no-js\" id=\"wpcf7-f277-o1\" lang=\"es-ES\" dir=\"ltr\" data-wpcf7-id=\"277\">\n<div class=\"screen-reader-response\"><p role=\"status\" aria-live=\"polite\" aria-atomic=\"true\"><\/p> <ul><\/ul><\/div>\n<form action=\"\/mcb\/wp-json\/wp\/v2\/pages\/107#wpcf7-f277-o1\" method=\"post\" class=\"wpcf7-form init\" aria-label=\"Formulario de contacto\" novalidate=\"novalidate\" data-status=\"init\">\n<fieldset class=\"hidden-fields-container\"><input type=\"hidden\" name=\"_wpcf7\" value=\"277\" \/><input type=\"hidden\" name=\"_wpcf7_version\" value=\"6.1.5\" \/><input type=\"hidden\" name=\"_wpcf7_locale\" value=\"es_ES\" \/><input type=\"hidden\" name=\"_wpcf7_unit_tag\" value=\"wpcf7-f277-o1\" \/><input type=\"hidden\" name=\"_wpcf7_container_post\" value=\"0\" \/><input type=\"hidden\" name=\"_wpcf7_posted_data_hash\" value=\"\" \/>\n<\/fieldset>\n<div class=\"row\">\n\t<div class=\"col-12 col-md-6\">\n\t\t<p><span class=\"wpcf7-form-control-wrap\" data-name=\"your-name\"><input size=\"40\" maxlength=\"400\" class=\"wpcf7-form-control wpcf7-text wpcf7-validates-as-required\" id=\"your-name\" aria-required=\"true\" aria-invalid=\"false\" placeholder=\"Nombre y apellidos\" value=\"\" type=\"text\" name=\"your-name\" \/><\/span>\n\t\t<\/p>\n\t<\/div>\n\t<div class=\"col-12 col-md-6\">\n\t\t<p><span class=\"wpcf7-form-control-wrap\" data-name=\"company\"><input size=\"40\" maxlength=\"400\" class=\"wpcf7-form-control wpcf7-text\" id=\"company\" aria-invalid=\"false\" placeholder=\"Entidad\" value=\"\" type=\"text\" name=\"company\" \/><\/span>\n\t\t<\/p>\n\t<\/div>\n<\/div>\n<div class=\"row\">\n\t<div class=\"col-12 col-md-6\">\n\t\t<p><span class=\"wpcf7-form-control-wrap\" data-name=\"subject\"><input size=\"40\" maxlength=\"400\" class=\"wpcf7-form-control wpcf7-text\" id=\"subject\" aria-invalid=\"false\" placeholder=\"Asunto\" value=\"\" type=\"text\" name=\"subject\" \/><\/span>\n\t\t<\/p>\n\t<\/div>\n\t<div class=\"col-12 col-md-6\">\n\t\t<p><span class=\"wpcf7-form-control-wrap\" data-name=\"your-email\"><input size=\"40\" maxlength=\"400\" class=\"wpcf7-form-control wpcf7-email wpcf7-validates-as-required wpcf7-text wpcf7-validates-as-email\" id=\"your-email\" aria-required=\"true\" aria-invalid=\"false\" placeholder=\"Direcci\u00f3n de E-mail\" value=\"\" type=\"email\" name=\"your-email\" \/><\/span>\n\t\t<\/p>\n\t<\/div>\n<\/div>\n<div class=\"row\">\n\t<div class=\"col-12 col-md-12\">\n\t\t<p><span class=\"wpcf7-form-control-wrap\" data-name=\"your-message\"><textarea cols=\"40\" rows=\"10\" maxlength=\"2000\" class=\"wpcf7-form-control wpcf7-textarea\" id=\"your-message\" aria-invalid=\"false\" placeholder=\"Descripci\u00f3n de la consulta\" name=\"your-message\"><\/textarea><\/span>\n\t\t<\/p>\n\t<\/div>\n<\/div>\n<div class=\"row\">\n\t<div class=\"col-12 col-md-12\">\n\t\t<p><div id=\"cf7sr-69d618b5b4c2c\" class=\"cf7sr-g-recaptcha\" data-theme=\"light\" data-type=\"image\" data-size=\"normal\" data-sitekey=\"6LfSfLMqAAAAACrBOBF1RloMxxugHpZ0uD-Peyyy\"><\/div><span class=\"wpcf7-form-control-wrap cf7sr-recaptcha\" data-name=\"cf7sr-recaptcha\"><input type=\"hidden\" name=\"cf7sr-recaptcha\" value=\"\" class=\"wpcf7-form-control\"><\/span>\n\t\t<\/p>\n\t\t<p><span class=\"wpcf7-form-control-wrap\" data-name=\"acceptance-377\"><span class=\"wpcf7-form-control wpcf7-acceptance\"><span class=\"wpcf7-list-item\"><label><input type=\"checkbox\" name=\"acceptance-377\" value=\"1\" aria-invalid=\"false\" \/><span class=\"wpcf7-list-item-label\">He le\u00eddo y acepto la Pol\u00edtica de privacidad<\/span><\/label><\/span><\/span><\/span> (<a href=\"https:\/\/www.esmadrid.com\/mcb\/politica-de-privacidad\/\" target=\"blank\">ver m\u00e1s<\/a>)\n\t\t<\/p>\n\t\t<p><input class=\"wpcf7-form-control wpcf7-submit has-spinner\" type=\"submit\" value=\"Enviar\" \/>\n\t\t<\/p>\n\t<\/div>\n<\/div><div class=\"wpcf7-response-output\" aria-hidden=\"true\"><\/div>\n<\/form>\n<\/div>\n<\/div>\n\n\n\n<p>MADRID DESTINO CULTURA TURISMO Y NEGOCIO (en adelante, MADRID DESTINO), con CIF n\u00famero A-84073105 y domicilio social en Madrid, C\/Conde Duque 9-11, C.P. 28015, conforme a la legislaci\u00f3n vigente en materia de protecci\u00f3n de datos de car\u00e1cter personal, informa a los interesados que los datos facilitados ser\u00e1n incluidos en un fichero de datos de car\u00e1cter personal con la siguiente informaci\u00f3n:<\/p>\n\n\n\n<p><strong>Responsable del Fichero:<\/strong>&nbsp;MADRID DESTINO CULTURA TURISMO Y NEGOCIO, S.A., con domicilio en Madrid, calle Conde Duque, 9-11, 28015 Madrid.<\/p>\n\n\n\n<p><strong>Datos de contacto<\/strong>:&nbsp;T (+34) &nbsp;91 578 77 96, e-mail:&nbsp;<a href=\"mailto:info.mcb@esmadrid.com\" target=\"_blank\" rel=\"noreferrer noopener\">info.mcb@esmadrid.com<\/a><\/p>\n\n\n\n<p><strong>Delegado de protecci\u00f3n de datos<\/strong>:&nbsp;<a href=\"mailto:dpd@madrid-destino.com\" target=\"_blank\" rel=\"noreferrer noopener\">dpd@madrid-destino.com<\/a><\/p>\n\n\n\n<p><strong>Finalidad:&nbsp;<\/strong>Respuesta de la consulta o petici\u00f3n de informaci\u00f3n solicitada<\/p>\n\n\n\n<p><strong>Destinatarios:<\/strong>&nbsp;No se ceder\u00e1n datos a terceros, salvo obligaci\u00f3n legal<\/p>\n\n\n\n<p><strong>Plazo de conservaci\u00f3n:&nbsp;<\/strong>Se limitar\u00e1 al periodo que sea necesario para dar cumplimiento a la finalidad consentida, salvo en caso de solicitud de supresi\u00f3n, en cuyo caso ser\u00e1n conservados hasta dicho momento<\/p>\n\n\n\n<p><strong>Legitimaci\u00f3n:&nbsp;<\/strong>Consentimiento del interesado<\/p>\n\n\n\n<p><strong>Derechos:<\/strong>&nbsp;El ejercicio de derechos de acceso, rectificaci\u00f3n, supresi\u00f3n, portabilidad y limitaci\u00f3n u oposici\u00f3n&nbsp;a no ser objeto de decisiones basadas \u00fanicamente en el tratamiento automatizado de sus datos, cuando procedan,&nbsp;puede solicitarse mediante e-mail dirigido a <a href=\"mailto:dpd@madrid-destino.com\" target=\"_blank\" rel=\"noreferrer noopener\">dpd@madrid-destino.com<\/a>, con referencia a&nbsp;<a href=\"https:\/\/esmadrid.com\/mcb\" target=\"_blank\" rel=\"noreferrer noopener\">esmadrid.com\/mcb<\/a>, con indicaci\u00f3n de direcci\u00f3n a efectos de notificaciones e identificaci\u00f3n de la persona solicitante mediante documento oficial.<\/p>\n","protected":false},"excerpt":{"rendered":"<p>MADRID DESTINO CULTURA TURISMO Y NEGOCIO (en adelante, MADRID DESTINO), con CIF n\u00famero A-84073105 y domicilio social en Madrid, C\/Conde Duque 9-11, C.P. 28015, conforme a la legislaci\u00f3n vigente en materia de protecci\u00f3n de datos de car\u00e1cter personal, informa a los interesados que los datos facilitados ser\u00e1n incluidos en un fichero de datos de car\u00e1cter [&hellip;]<\/p>\n","protected":false},"author":1,"featured_media":0,"parent":50,"menu_order":33,"comment_status":"closed","ping_status":"closed","template":"","meta":{"_acf_changed":false,"footnotes":""},"class_list":["post-107","page","type-page","status-publish","hentry"],"acf":[],"yoast_head":"<!-- This site is optimized with the Yoast SEO plugin v27.3 - https:\/\/yoast.com\/product\/yoast-seo-wordpress\/ -->\n<title>Solicitar informaci\u00f3n - Madrid Convention Bureau<\/title>\n<meta name=\"robots\" content=\"index, follow, max-snippet:-1, max-image-preview:large, max-video-preview:-1\" \/>\n<link rel=\"canonical\" href=\"https:\/\/www.esmadrid.com\/mcb\/organiza-tu-evento\/solicitar-informacion\/\" \/>\n<meta property=\"og:locale\" content=\"es_ES\" \/>\n<meta property=\"og:type\" content=\"article\" \/>\n<meta property=\"og:title\" content=\"Solicitar informaci\u00f3n - Madrid Convention Bureau\" \/>\n<meta property=\"og:description\" content=\"MADRID DESTINO CULTURA TURISMO Y NEGOCIO (en adelante, MADRID DESTINO), con CIF n\u00famero A-84073105 y domicilio social en Madrid, C\/Conde Duque 9-11, C.P. 28015, conforme a la legislaci\u00f3n vigente en materia de protecci\u00f3n de datos de car\u00e1cter personal, informa a los interesados que los datos facilitados ser\u00e1n incluidos en un fichero de datos de car\u00e1cter [&hellip;]\" \/>\n<meta property=\"og:url\" content=\"https:\/\/www.esmadrid.com\/mcb\/organiza-tu-evento\/solicitar-informacion\/\" \/>\n<meta property=\"og:site_name\" content=\"Madrid Convention Bureau\" \/>\n<meta property=\"article:modified_time\" content=\"2025-09-23T17:44:58+00:00\" \/>\n<meta name=\"twitter:card\" content=\"summary_large_image\" \/>\n<meta name=\"twitter:label1\" content=\"Tiempo de lectura\" \/>\n\t<meta name=\"twitter:data1\" content=\"1 minuto\" \/>\n<script type=\"application\/ld+json\" class=\"yoast-schema-graph\">{\"@context\":\"https:\\\/\\\/schema.org\",\"@graph\":[{\"@type\":\"WebPage\",\"@id\":\"https:\\\/\\\/www.esmadrid.com\\\/mcb\\\/organiza-tu-evento\\\/solicitar-informacion\\\/\",\"url\":\"https:\\\/\\\/www.esmadrid.com\\\/mcb\\\/organiza-tu-evento\\\/solicitar-informacion\\\/\",\"name\":\"Solicitar informaci\u00f3n - Madrid Convention Bureau\",\"isPartOf\":{\"@id\":\"https:\\\/\\\/www.esmadrid.com\\\/mcb\\\/#website\"},\"datePublished\":\"2014-12-17T16:59:36+00:00\",\"dateModified\":\"2025-09-23T17:44:58+00:00\",\"breadcrumb\":{\"@id\":\"https:\\\/\\\/www.esmadrid.com\\\/mcb\\\/organiza-tu-evento\\\/solicitar-informacion\\\/#breadcrumb\"},\"inLanguage\":\"es\",\"potentialAction\":[{\"@type\":\"ReadAction\",\"target\":[\"https:\\\/\\\/www.esmadrid.com\\\/mcb\\\/organiza-tu-evento\\\/solicitar-informacion\\\/\"]}]},{\"@type\":\"BreadcrumbList\",\"@id\":\"https:\\\/\\\/www.esmadrid.com\\\/mcb\\\/organiza-tu-evento\\\/solicitar-informacion\\\/#breadcrumb\",\"itemListElement\":[{\"@type\":\"ListItem\",\"position\":1,\"name\":\"Portada\",\"item\":\"https:\\\/\\\/www.esmadrid.com\\\/mcb\\\/\"},{\"@type\":\"ListItem\",\"position\":2,\"name\":\"Organiza tu evento\",\"item\":\"https:\\\/\\\/www.esmadrid.com\\\/mcb\\\/organiza-tu-evento\\\/\"},{\"@type\":\"ListItem\",\"position\":3,\"name\":\"Solicitar informaci\u00f3n\"}]},{\"@type\":\"WebSite\",\"@id\":\"https:\\\/\\\/www.esmadrid.com\\\/mcb\\\/#website\",\"url\":\"https:\\\/\\\/www.esmadrid.com\\\/mcb\\\/\",\"name\":\"Madrid Convention Bureau\",\"description\":\"Madrid Convention Bureau cuenta con un Equipo de profesionales que le asesorar\u00e1 sobre los mejores espacios y proveedores de servicios del sector MICE\",\"potentialAction\":[{\"@type\":\"SearchAction\",\"target\":{\"@type\":\"EntryPoint\",\"urlTemplate\":\"https:\\\/\\\/www.esmadrid.com\\\/mcb\\\/?s={search_term_string}\"},\"query-input\":{\"@type\":\"PropertyValueSpecification\",\"valueRequired\":true,\"valueName\":\"search_term_string\"}}],\"inLanguage\":\"es\"}]}<\/script>\n<!-- \/ Yoast SEO plugin. -->","yoast_head_json":{"title":"Solicitar informaci\u00f3n - Madrid Convention Bureau","robots":{"index":"index","follow":"follow","max-snippet":"max-snippet:-1","max-image-preview":"max-image-preview:large","max-video-preview":"max-video-preview:-1"},"canonical":"https:\/\/www.esmadrid.com\/mcb\/organiza-tu-evento\/solicitar-informacion\/","og_locale":"es_ES","og_type":"article","og_title":"Solicitar informaci\u00f3n - Madrid Convention Bureau","og_description":"MADRID DESTINO CULTURA TURISMO Y NEGOCIO (en adelante, MADRID DESTINO), con CIF n\u00famero A-84073105 y domicilio social en Madrid, C\/Conde Duque 9-11, C.P. 28015, conforme a la legislaci\u00f3n vigente en materia de protecci\u00f3n de datos de car\u00e1cter personal, informa a los interesados que los datos facilitados ser\u00e1n incluidos en un fichero de datos de car\u00e1cter [&hellip;]","og_url":"https:\/\/www.esmadrid.com\/mcb\/organiza-tu-evento\/solicitar-informacion\/","og_site_name":"Madrid Convention Bureau","article_modified_time":"2025-09-23T17:44:58+00:00","twitter_card":"summary_large_image","twitter_misc":{"Tiempo de lectura":"1 minuto"},"schema":{"@context":"https:\/\/schema.org","@graph":[{"@type":"WebPage","@id":"https:\/\/www.esmadrid.com\/mcb\/organiza-tu-evento\/solicitar-informacion\/","url":"https:\/\/www.esmadrid.com\/mcb\/organiza-tu-evento\/solicitar-informacion\/","name":"Solicitar informaci\u00f3n - Madrid Convention Bureau","isPartOf":{"@id":"https:\/\/www.esmadrid.com\/mcb\/#website"},"datePublished":"2014-12-17T16:59:36+00:00","dateModified":"2025-09-23T17:44:58+00:00","breadcrumb":{"@id":"https:\/\/www.esmadrid.com\/mcb\/organiza-tu-evento\/solicitar-informacion\/#breadcrumb"},"inLanguage":"es","potentialAction":[{"@type":"ReadAction","target":["https:\/\/www.esmadrid.com\/mcb\/organiza-tu-evento\/solicitar-informacion\/"]}]},{"@type":"BreadcrumbList","@id":"https:\/\/www.esmadrid.com\/mcb\/organiza-tu-evento\/solicitar-informacion\/#breadcrumb","itemListElement":[{"@type":"ListItem","position":1,"name":"Portada","item":"https:\/\/www.esmadrid.com\/mcb\/"},{"@type":"ListItem","position":2,"name":"Organiza tu evento","item":"https:\/\/www.esmadrid.com\/mcb\/organiza-tu-evento\/"},{"@type":"ListItem","position":3,"name":"Solicitar informaci\u00f3n"}]},{"@type":"WebSite","@id":"https:\/\/www.esmadrid.com\/mcb\/#website","url":"https:\/\/www.esmadrid.com\/mcb\/","name":"Madrid Convention Bureau","description":"Madrid Convention Bureau cuenta con un Equipo de profesionales que le asesorar\u00e1 sobre los mejores espacios y proveedores de servicios del sector MICE","potentialAction":[{"@type":"SearchAction","target":{"@type":"EntryPoint","urlTemplate":"https:\/\/www.esmadrid.com\/mcb\/?s={search_term_string}"},"query-input":{"@type":"PropertyValueSpecification","valueRequired":true,"valueName":"search_term_string"}}],"inLanguage":"es"}]}},"_links":{"self":[{"href":"https:\/\/www.esmadrid.com\/mcb\/wp-json\/wp\/v2\/pages\/107","targetHints":{"allow":["GET"]}}],"collection":[{"href":"https:\/\/www.esmadrid.com\/mcb\/wp-json\/wp\/v2\/pages"}],"about":[{"href":"https:\/\/www.esmadrid.com\/mcb\/wp-json\/wp\/v2\/types\/page"}],"author":[{"embeddable":true,"href":"https:\/\/www.esmadrid.com\/mcb\/wp-json\/wp\/v2\/users\/1"}],"replies":[{"embeddable":true,"href":"https:\/\/www.esmadrid.com\/mcb\/wp-json\/wp\/v2\/comments?post=107"}],"version-history":[{"count":13,"href":"https:\/\/www.esmadrid.com\/mcb\/wp-json\/wp\/v2\/pages\/107\/revisions"}],"predecessor-version":[{"id":7951,"href":"https:\/\/www.esmadrid.com\/mcb\/wp-json\/wp\/v2\/pages\/107\/revisions\/7951"}],"up":[{"embeddable":true,"href":"https:\/\/www.esmadrid.com\/mcb\/wp-json\/wp\/v2\/pages\/50"}],"wp:attachment":[{"href":"https:\/\/www.esmadrid.com\/mcb\/wp-json\/wp\/v2\/media?parent=107"}],"curies":[{"name":"wp","href":"https:\/\/api.w.org\/{rel}","templated":true}]}}